{"id":95,"date":"2022-09-19T21:18:43","date_gmt":"2022-09-19T19:18:43","guid":{"rendered":"http:\/\/antymobber.pl\/?page_id=95"},"modified":"2023-02-24T12:26:30","modified_gmt":"2023-02-24T11:26:30","slug":"uslugi","status":"publish","type":"page","link":"https:\/\/antymobber.pl\/?page_id=95","title":{"rendered":"US\u0141UGI"},"content":{"rendered":"\t\t<div data-elementor-type=\"wp-page\" data-elementor-id=\"95\" class=\"elementor elementor-95\">\n\t\t\t\t\t\t\t\t\t<section class=\"elementor-section elementor-top-section elementor-element elementor-element-529f0e3 elementor-section-boxed elementor-section-height-default elementor-section-height-default\" data-id=\"529f0e3\" data-element_type=\"section\">\n\t\t\t\t\t\t<div class=\"elementor-container elementor-column-gap-default\">\n\t\t\t\t\t<div class=\"elementor-column elementor-col-100 elementor-top-column elementor-element elementor-element-1692098\" data-id=\"1692098\" data-element_type=\"column\">\n\t\t\t<div class=\"elementor-widget-wrap elementor-element-populated\">\n\t\t\t\t\t\t\t\t<div class=\"elementor-element elementor-element-4ab6694 elementor-invisible elementor-widget elementor-widget-text-editor\" data-id=\"4ab6694\" data-element_type=\"widget\" data-settings=\"{&quot;_animation&quot;:&quot;fadeInLeft&quot;}\" data-widget_type=\"text-editor.default\">\n\t\t\t\t<div class=\"elementor-widget-container\">\n\t\t\t<style>\/*! elementor - v3.7.6 - 15-09-2022 *\/\n.elementor-widget-text-editor.elementor-drop-cap-view-stacked .elementor-drop-cap{background-color:#818a91;color:#fff}.elementor-widget-text-editor.elementor-drop-cap-view-framed .elementor-drop-cap{color:#818a91;border:3px solid;background-color:transparent}.elementor-widget-text-editor:not(.elementor-drop-cap-view-default) .elementor-drop-cap{margin-top:8px}.elementor-widget-text-editor:not(.elementor-drop-cap-view-default) .elementor-drop-cap-letter{width:1em;height:1em}.elementor-widget-text-editor .elementor-drop-cap{float:left;text-align:center;line-height:1;font-size:50px}.elementor-widget-text-editor .elementor-drop-cap-letter{display:inline-block}<\/style>\t\t\t\t<h5>PONI\u017bEJ PRZEDSTAWIAMY PROPOZYCJ\u0118 DZIA\u0141A\u0143 DO PRZEPROWADZENIA W PA\u0143STWA ORGANIZACJI<\/h5>\n<ul>\n<li><b>pomoc w tworzeniu Wewn\u0119trznej Polityki Antymobbingowej<\/b><\/li>\n<li><b>konsultacje, doradztwo oraz modyfikacja istniej\u0105cych ju\u017c dokument\u00f3w<\/b><\/li>\n<li><b>wsparcie dzia\u0142a\u0144 Komisji antymobbingowej<\/b><\/li>\n<li><b>analiza nastroj\u00f3w w\u015br\u00f3d pracownik\u00f3w<\/b><\/li>\n<li><b>audyt mobbingowy \u2013 analiza sytuacji, w kt\u00f3rej pojawiaj\u0105 si\u0119 zachowania nosz\u0105ce znamiona mobbingu<\/b><\/li>\n<li><b>opracowanie raportu zawieraj\u0105cego zalecenia maj\u0105ce na celu popraw\u0119 nastroj\u00f3w w przedsi\u0119biorstwie<\/b><\/li>\n<\/ul>\t\t\t\t\t\t<\/div>\n\t\t\t\t<\/div>\n\t\t\t\t\t<\/div>\n\t\t<\/div>\n\t\t\t\t\t\t\t<\/div>\n\t\t<\/section>\n\t\t\t\t<section class=\"elementor-section elementor-top-section elementor-element elementor-element-a56479c elementor-section-boxed elementor-section-height-default elementor-section-height-default\" data-id=\"a56479c\" data-element_type=\"section\">\n\t\t\t\t\t\t<div class=\"elementor-container elementor-column-gap-default\">\n\t\t\t\t\t<div class=\"elementor-column elementor-col-100 elementor-top-column elementor-element elementor-element-135cc8f\" data-id=\"135cc8f\" data-element_type=\"column\">\n\t\t\t<div class=\"elementor-widget-wrap elementor-element-populated\">\n\t\t\t\t\t\t\t\t<div class=\"elementor-element elementor-element-1b31121 elementor-widget elementor-widget-spacer\" data-id=\"1b31121\" data-element_type=\"widget\" data-widget_type=\"spacer.default\">\n\t\t\t\t<div class=\"elementor-widget-container\">\n\t\t\t<style>\/*! elementor - v3.7.6 - 15-09-2022 *\/\n.elementor-column .elementor-spacer-inner{height:var(--spacer-size)}.e-container{--container-widget-width:100%}.e-container>.elementor-widget-spacer{width:var(--container-widget-width,var(--spacer-size));-ms-flex-item-align:stretch;align-self:stretch;-ms-flex-negative:0;flex-shrink:0}.e-container>.elementor-widget-spacer>.elementor-widget-container,.e-container>.elementor-widget-spacer>.elementor-widget-container>.elementor-spacer{height:100%}.e-container>.elementor-widget-spacer>.elementor-widget-container>.elementor-spacer>.elementor-spacer-inner{height:var(--container-widget-height,var(--spacer-size))}<\/style>\t\t<div class=\"elementor-spacer\">\n\t\t\t<div class=\"elementor-spacer-inner\"><\/div>\n\t\t<\/div>\n\t\t\t\t<\/div>\n\t\t\t\t<\/div>\n\t\t\t\t<div class=\"elementor-element elementor-element-e6075c0 elementor-invisible elementor-widget elementor-widget-text-editor\" data-id=\"e6075c0\" data-element_type=\"widget\" data-settings=\"{&quot;_animation&quot;:&quot;fadeInUp&quot;}\" data-widget_type=\"text-editor.default\">\n\t\t\t\t<div class=\"elementor-widget-container\">\n\t\t\t\t\t\t\t<h5><strong>WSZELKIE PRACE REALIZOWANE S\u0104 ZGODNIE Z NASZYM MOTTEM:<br \/><\/strong><strong>DYSKRECJA &#8211; PROFESJONALIZM &#8211; BEZPIECZE\u0143STWO<\/strong><\/h5>\t\t\t\t\t\t<\/div>\n\t\t\t\t<\/div>\n\t\t\t\t\t<\/div>\n\t\t<\/div>\n\t\t\t\t\t\t\t<\/div>\n\t\t<\/section>\n\t\t\t\t<section class=\"elementor-section elementor-top-section elementor-element elementor-element-7127700 elementor-section-boxed elementor-section-height-default elementor-section-height-default\" data-id=\"7127700\" data-element_type=\"section\">\n\t\t\t\t\t\t<div class=\"elementor-container elementor-column-gap-default\">\n\t\t\t\t\t<div class=\"elementor-column elementor-col-100 elementor-top-column elementor-element elementor-element-3f7c3fd\" data-id=\"3f7c3fd\" data-element_type=\"column\">\n\t\t\t<div class=\"elementor-widget-wrap\">\n\t\t\t\t\t\t\t\t\t<\/div>\n\t\t<\/div>\n\t\t\t\t\t\t\t<\/div>\n\t\t<\/section>\n\t\t\t\t<section class=\"elementor-section elementor-top-section elementor-element elementor-element-ab51990 elementor-section-boxed elementor-section-height-default elementor-section-height-default\" data-id=\"ab51990\" data-element_type=\"section\">\n\t\t\t\t\t\t<div class=\"elementor-container elementor-column-gap-default\">\n\t\t\t\t\t<div class=\"elementor-column elementor-col-100 elementor-top-column elementor-element elementor-element-ace3c94\" data-id=\"ace3c94\" data-element_type=\"column\">\n\t\t\t<div class=\"elementor-widget-wrap elementor-element-populated\">\n\t\t\t\t\t\t\t\t<div class=\"elementor-element elementor-element-a910f66 elementor-widget elementor-widget-image\" data-id=\"a910f66\" data-element_type=\"widget\" data-widget_type=\"image.default\">\n\t\t\t\t<div class=\"elementor-widget-container\">\n\t\t\t<style>\/*! elementor - v3.7.6 - 15-09-2022 *\/\n.elementor-widget-image{text-align:center}.elementor-widget-image a{display:inline-block}.elementor-widget-image a img[src$=\".svg\"]{width:48px}.elementor-widget-image img{vertical-align:middle;display:inline-block}<\/style>\t\t\t\t\t\t\t\t\t\t\t\t<img loading=\"lazy\" decoding=\"async\" width=\"1024\" height=\"707\" src=\"https:\/\/antymobber.pl\/wp-content\/uploads\/2022\/09\/Fotolia_32041607_L-1024x707.jpg\" class=\"attachment-large size-large\" alt=\"\" srcset=\"https:\/\/antymobber.pl\/wp-content\/uploads\/2022\/09\/Fotolia_32041607_L-1024x707.jpg 1024w, https:\/\/antymobber.pl\/wp-content\/uploads\/2022\/09\/Fotolia_32041607_L-300x207.jpg 300w, https:\/\/antymobber.pl\/wp-content\/uploads\/2022\/09\/Fotolia_32041607_L-768x530.jpg 768w, https:\/\/antymobber.pl\/wp-content\/uploads\/2022\/09\/Fotolia_32041607_L-1536x1060.jpg 1536w, https:\/\/antymobber.pl\/wp-content\/uploads\/2022\/09\/Fotolia_32041607_L-2048x1414.jpg 2048w\" sizes=\"auto, (max-width: 1024px) 100vw, 1024px\" \/>\t\t\t\t\t\t\t\t\t\t\t\t\t\t\t<\/div>\n\t\t\t\t<\/div>\n\t\t\t\t\t<\/div>\n\t\t<\/div>\n\t\t\t\t\t\t\t<\/div>\n\t\t<\/section>\n\t\t\t\t\t\t\t<\/div>\n\t\t","protected":false},"excerpt":{"rendered":"<p>PONI\u017bEJ PRZEDSTAWIAMY PROPOZYCJ\u0118 DZIA\u0141A\u0143 DO PRZEPROWADZENIA W PA\u0143STWA ORGANIZACJI pomoc w tworzeniu Wewn\u0119trznej Polityki Antymobbingowej konsultacje, doradztwo oraz modyfikacja istniej\u0105cych ju\u017c dokument\u00f3w wsparcie dzia\u0142a\u0144 Komisji antymobbingowej analiza nastroj\u00f3w w\u015br\u00f3d pracownik\u00f3w audyt mobbingowy \u2013 analiza sytuacji, w kt\u00f3rej pojawiaj\u0105 si\u0119 zachowania nosz\u0105ce znamiona mobbingu opracowanie raportu zawieraj\u0105cego zalecenia maj\u0105ce na celu popraw\u0119 nastroj\u00f3w w przedsi\u0119biorstwie WSZELKIE [&hellip;]<\/p>\n","protected":false},"author":1,"featured_media":0,"parent":0,"menu_order":0,"comment_status":"closed","ping_status":"closed","template":"","meta":{"footnotes":""},"class_list":["post-95","page","type-page","status-publish","hentry"],"yoast_head":"<!-- This site is optimized with the Yoast SEO plugin v19.6.1 - https:\/\/yoast.com\/wordpress\/plugins\/seo\/ -->\n<title>US\u0141UGI -<\/title>\n<meta name=\"robots\" content=\"index, follow, max-snippet:-1, max-image-preview:large, max-video-preview:-1\" \/>\n<link rel=\"canonical\" href=\"https:\/\/antymobber.pl\/?page_id=95\" \/>\n<meta property=\"og:locale\" content=\"en_US\" \/>\n<meta property=\"og:type\" content=\"article\" \/>\n<meta property=\"og:title\" content=\"US\u0141UGI -\" \/>\n<meta property=\"og:description\" content=\"PONI\u017bEJ PRZEDSTAWIAMY PROPOZYCJ\u0118 DZIA\u0141A\u0143 DO PRZEPROWADZENIA W PA\u0143STWA ORGANIZACJI pomoc w tworzeniu Wewn\u0119trznej Polityki Antymobbingowej konsultacje, doradztwo oraz modyfikacja istniej\u0105cych ju\u017c dokument\u00f3w wsparcie dzia\u0142a\u0144 Komisji antymobbingowej analiza nastroj\u00f3w w\u015br\u00f3d pracownik\u00f3w audyt mobbingowy \u2013 analiza sytuacji, w kt\u00f3rej pojawiaj\u0105 si\u0119 zachowania nosz\u0105ce znamiona mobbingu opracowanie raportu zawieraj\u0105cego zalecenia maj\u0105ce na celu popraw\u0119 nastroj\u00f3w w przedsi\u0119biorstwie WSZELKIE [&hellip;]\" \/>\n<meta property=\"og:url\" content=\"https:\/\/antymobber.pl\/?page_id=95\" \/>\n<meta property=\"article:modified_time\" content=\"2023-02-24T11:26:30+00:00\" \/>\n<meta property=\"og:image\" content=\"http:\/\/antymobber.pl\/wp-content\/uploads\/2022\/09\/Fotolia_32041607_L-1024x707.jpg\" \/>\n<meta name=\"twitter:card\" content=\"summary_large_image\" \/>\n<meta name=\"twitter:label1\" content=\"Est. reading time\" \/>\n\t<meta name=\"twitter:data1\" content=\"1 minute\" \/>\n<script type=\"application\/ld+json\" class=\"yoast-schema-graph\">{\"@context\":\"https:\/\/schema.org\",\"@graph\":[{\"@type\":\"WebPage\",\"@id\":\"https:\/\/antymobber.pl\/?page_id=95\",\"url\":\"https:\/\/antymobber.pl\/?page_id=95\",\"name\":\"US\u0141UGI -\",\"isPartOf\":{\"@id\":\"https:\/\/antymobber.pl\/#website\"},\"datePublished\":\"2022-09-19T19:18:43+00:00\",\"dateModified\":\"2023-02-24T11:26:30+00:00\",\"breadcrumb\":{\"@id\":\"https:\/\/antymobber.pl\/?page_id=95#breadcrumb\"},\"inLanguage\":\"en-US\",\"potentialAction\":[{\"@type\":\"ReadAction\",\"target\":[\"https:\/\/antymobber.pl\/?page_id=95\"]}]},{\"@type\":\"BreadcrumbList\",\"@id\":\"https:\/\/antymobber.pl\/?page_id=95#breadcrumb\",\"itemListElement\":[{\"@type\":\"ListItem\",\"position\":1,\"name\":\"Home\",\"item\":\"https:\/\/antymobber.pl\/\"},{\"@type\":\"ListItem\",\"position\":2,\"name\":\"US\u0141UGI\"}]},{\"@type\":\"WebSite\",\"@id\":\"https:\/\/antymobber.pl\/#website\",\"url\":\"https:\/\/antymobber.pl\/\",\"name\":\"\",\"description\":\"DYSKRECJA  PROFESJONALIZM BEZPIECZE\u0143STWO\",\"potentialAction\":[{\"@type\":\"SearchAction\",\"target\":{\"@type\":\"EntryPoint\",\"urlTemplate\":\"https:\/\/antymobber.pl\/?s={search_term_string}\"},\"query-input\":\"required name=search_term_string\"}],\"inLanguage\":\"en-US\"}]}<\/script>\n<!-- \/ Yoast SEO plugin. -->","yoast_head_json":{"title":"US\u0141UGI -","robots":{"index":"index","follow":"follow","max-snippet":"max-snippet:-1","max-image-preview":"max-image-preview:large","max-video-preview":"max-video-preview:-1"},"canonical":"https:\/\/antymobber.pl\/?page_id=95","og_locale":"en_US","og_type":"article","og_title":"US\u0141UGI -","og_description":"PONI\u017bEJ PRZEDSTAWIAMY PROPOZYCJ\u0118 DZIA\u0141A\u0143 DO PRZEPROWADZENIA W PA\u0143STWA ORGANIZACJI pomoc w tworzeniu Wewn\u0119trznej Polityki Antymobbingowej konsultacje, doradztwo oraz modyfikacja istniej\u0105cych ju\u017c dokument\u00f3w wsparcie dzia\u0142a\u0144 Komisji antymobbingowej analiza nastroj\u00f3w w\u015br\u00f3d pracownik\u00f3w audyt mobbingowy \u2013 analiza sytuacji, w kt\u00f3rej pojawiaj\u0105 si\u0119 zachowania nosz\u0105ce znamiona mobbingu opracowanie raportu zawieraj\u0105cego zalecenia maj\u0105ce na celu popraw\u0119 nastroj\u00f3w w przedsi\u0119biorstwie WSZELKIE [&hellip;]","og_url":"https:\/\/antymobber.pl\/?page_id=95","article_modified_time":"2023-02-24T11:26:30+00:00","og_image":[{"url":"http:\/\/antymobber.pl\/wp-content\/uploads\/2022\/09\/Fotolia_32041607_L-1024x707.jpg"}],"twitter_card":"summary_large_image","twitter_misc":{"Est. reading time":"1 minute"},"schema":{"@context":"https:\/\/schema.org","@graph":[{"@type":"WebPage","@id":"https:\/\/antymobber.pl\/?page_id=95","url":"https:\/\/antymobber.pl\/?page_id=95","name":"US\u0141UGI -","isPartOf":{"@id":"https:\/\/antymobber.pl\/#website"},"datePublished":"2022-09-19T19:18:43+00:00","dateModified":"2023-02-24T11:26:30+00:00","breadcrumb":{"@id":"https:\/\/antymobber.pl\/?page_id=95#breadcrumb"},"inLanguage":"en-US","potentialAction":[{"@type":"ReadAction","target":["https:\/\/antymobber.pl\/?page_id=95"]}]},{"@type":"BreadcrumbList","@id":"https:\/\/antymobber.pl\/?page_id=95#breadcrumb","itemListElement":[{"@type":"ListItem","position":1,"name":"Home","item":"https:\/\/antymobber.pl\/"},{"@type":"ListItem","position":2,"name":"US\u0141UGI"}]},{"@type":"WebSite","@id":"https:\/\/antymobber.pl\/#website","url":"https:\/\/antymobber.pl\/","name":"","description":"DYSKRECJA  PROFESJONALIZM BEZPIECZE\u0143STWO","potentialAction":[{"@type":"SearchAction","target":{"@type":"EntryPoint","urlTemplate":"https:\/\/antymobber.pl\/?s={search_term_string}"},"query-input":"required name=search_term_string"}],"inLanguage":"en-US"}]}},"_links":{"self":[{"href":"https:\/\/antymobber.pl\/index.php?rest_route=\/wp\/v2\/pages\/95","targetHints":{"allow":["GET"]}}],"collection":[{"href":"https:\/\/antymobber.pl\/index.php?rest_route=\/wp\/v2\/pages"}],"about":[{"href":"https:\/\/antymobber.pl\/index.php?rest_route=\/wp\/v2\/types\/page"}],"author":[{"embeddable":true,"href":"https:\/\/antymobber.pl\/index.php?rest_route=\/wp\/v2\/users\/1"}],"replies":[{"embeddable":true,"href":"https:\/\/antymobber.pl\/index.php?rest_route=%2Fwp%2Fv2%2Fcomments&post=95"}],"version-history":[{"count":19,"href":"https:\/\/antymobber.pl\/index.php?rest_route=\/wp\/v2\/pages\/95\/revisions"}],"predecessor-version":[{"id":255,"href":"https:\/\/antymobber.pl\/index.php?rest_route=\/wp\/v2\/pages\/95\/revisions\/255"}],"wp:attachment":[{"href":"https:\/\/antymobber.pl\/index.php?rest_route=%2Fwp%2Fv2%2Fmedia&parent=95"}],"curies":[{"name":"wp","href":"https:\/\/api.w.org\/{rel}","templated":true}]}}