{"id":92,"date":"2022-09-19T21:16:40","date_gmt":"2022-09-19T19:16:40","guid":{"rendered":"http:\/\/antymobber.pl\/?page_id=92"},"modified":"2023-02-23T14:51:20","modified_gmt":"2023-02-23T13:51:20","slug":"szkolenia","status":"publish","type":"page","link":"https:\/\/antymobber.pl\/?page_id=92","title":{"rendered":"SZKOLENIA"},"content":{"rendered":"\t\t<div data-elementor-type=\"wp-page\" data-elementor-id=\"92\" class=\"elementor elementor-92\">\n\t\t\t\t\t\t\t\t\t<section class=\"elementor-section elementor-top-section elementor-element elementor-element-6d46b1 elementor-section-boxed elementor-section-height-default elementor-section-height-default\" data-id=\"6d46b1\" data-element_type=\"section\">\n\t\t\t\t\t\t<div class=\"elementor-container elementor-column-gap-default\">\n\t\t\t\t\t<div class=\"elementor-column elementor-col-100 elementor-top-column elementor-element elementor-element-300e83d1\" data-id=\"300e83d1\" data-element_type=\"column\">\n\t\t\t<div class=\"elementor-widget-wrap elementor-element-populated\">\n\t\t\t\t\t\t\t\t<div class=\"elementor-element elementor-element-1a1b6dd0 elementor-invisible elementor-widget elementor-widget-text-editor\" data-id=\"1a1b6dd0\" data-element_type=\"widget\" data-settings=\"{&quot;_animation&quot;:&quot;fadeInRight&quot;}\" data-widget_type=\"text-editor.default\">\n\t\t\t\t<div class=\"elementor-widget-container\">\n\t\t\t<style>\/*! elementor - v3.7.6 - 15-09-2022 *\/\n.elementor-widget-text-editor.elementor-drop-cap-view-stacked .elementor-drop-cap{background-color:#818a91;color:#fff}.elementor-widget-text-editor.elementor-drop-cap-view-framed .elementor-drop-cap{color:#818a91;border:3px solid;background-color:transparent}.elementor-widget-text-editor:not(.elementor-drop-cap-view-default) .elementor-drop-cap{margin-top:8px}.elementor-widget-text-editor:not(.elementor-drop-cap-view-default) .elementor-drop-cap-letter{width:1em;height:1em}.elementor-widget-text-editor .elementor-drop-cap{float:left;text-align:center;line-height:1;font-size:50px}.elementor-widget-text-editor .elementor-drop-cap-letter{display:inline-block}<\/style>\t\t\t\t<p><strong>Wyb\u00f3r proponowanych szkole\u0144 do zrealizowania w \u015brodowisku ka\u017cdej organizacji poprawiaj\u0105ce funkcjonowanie\u00a0 zespo\u0142u pracownik\u00f3w. Nalezy pami\u0119ta\u0107 \u017ce najlepszy efekt daje zdiagnozowanie ewentualnych problem\u00f3w (audyt potrzeb).<\/strong><\/p><p>1. Warsztaty umiej\u0119tno\u015bci mi\u0119dzykulturowych<\/p><p>Budowanie kompetencji wielokulturowych. Celem szkolenia jest ugruntowanie uzyskanej wiedzy oraz mo\u017cliwo\u015b\u0107 prze\u0107wiczenia nabytych umiej\u0119tno\u015bci w kontaktach mi\u0119dzykulturowych.<\/p><p>2. Przeciwdzia\u0142anie zagro\u017ceniom psychospo\u0142ecznym w miejscu pracy<\/p><p>Wsp\u00f3\u0142czesne badania dotycz\u0105ce \u015brodowiska pracy wskazuj\u0105, \u017ce pracownicy coraz cz\u0119\u015bciej wskazuj\u0105 na atmosfer\u0119 w miejscu pracy, kt\u00f3ra wp\u0142ywa na dobrostan i zaanga\u017cowanie pracownik\u00f3w. W\u015br\u00f3d zagro\u017ce\u0144 psychospo\u0142ecznych wymieni\u0107 nale\u017cy: dyskryminacj\u0119, nier\u00f3wne traktowanie, molestowanie psychiczne, molestowanie seksualne, mobbing, agresja i przemoc. \u015awiatowa Organizacja Zdrowia uznaje, \u017ce przeciwdzia\u0142anie zagro\u017ceniom psychospo\u0142ecznym mo\u017ce stworzy\u0107 dobre warunki pracy.<\/p><p>3. Trening antystresowy<\/p><p>Trening antystresowy polega na przedstawieniu i prze\u0107wiczeniu z uczestnikami szkolenia technik mog\u0105cych obni\u017cy\u0107 codzienny poziom stresu. Wysoki poziom stresu zwi\u0105zany jest z obni\u017ceniem mo\u017cliwo\u015bci poznawczych, emocjonalnych i behawioralnych pracownik\u00f3w. Pracownik panuj\u0105cy nad swoim stresem, to pracownik znacznie bardziej efektywny.<\/p><p>4. Prewencja zjawiskom nosz\u0105cym znamiona mobbingu<\/p><p>Artyku\u0142 94 pkt. 1 Kodeksu pracy na pracodawcy spoczywa obowi\u0105zek przeciwdzia\u0142ania mobbingowi, obowi\u0105zek ten powinien by\u0107 realizowany poprzez wprowadzenie Wewn\u0119trznej Polityki Antymobbingowej oraz regularne szkolenia z zagadnie\u0144 zwi\u0105zanych mobbingiem.<\/p><p>5. Skuteczna komunikacja interpersonalna<\/p><p>Pracownicy maj\u0105 nieustanny kontakt z Klientami, kt\u00f3rzy maj\u0105 r\u00f3\u017cne potrzeby i r\u00f3\u017cne wymagania. Kompetencje zwi\u0105zane ze skuteczn\u0105 komunikacj\u0105 wp\u0142yn\u0105 na podniesienie jako\u015bci pracy oraz na zadowolenie z wykonywanej pracy.<\/p><p>6. Budowanie kompetencji radzenia sobie w trudnych sytuacjach oraz skuteczne rozwi\u0105zywanie konflikt\u00f3w<\/p><p>Pracownicy nara\u017ceni s\u0105 w codziennej pracy na trudne i k\u0142opotliwe sytuacje. Szkolenie podnosz\u0105ce kompetencje pracownik\u00f3w w kontek\u015bcie rozwi\u0105zywania trudnych sytuacji oraz konflikt\u00f3w wp\u0142ynie na skuteczne wykonywanie powierzonych zada\u0144.pr<\/p>\t\t\t\t\t\t<\/div>\n\t\t\t\t<\/div>\n\t\t\t\t\t<\/div>\n\t\t<\/div>\n\t\t\t\t\t\t\t<\/div>\n\t\t<\/section>\n\t\t\t\t<section class=\"elementor-section elementor-top-section elementor-element elementor-element-96959b2 elementor-section-boxed elementor-section-height-default elementor-section-height-default\" data-id=\"96959b2\" data-element_type=\"section\">\n\t\t\t\t\t\t<div class=\"elementor-container elementor-column-gap-default\">\n\t\t\t\t\t<div class=\"elementor-column elementor-col-100 elementor-top-column elementor-element elementor-element-e3611ba\" data-id=\"e3611ba\" data-element_type=\"column\">\n\t\t\t<div class=\"elementor-widget-wrap elementor-element-populated\">\n\t\t\t\t\t\t\t\t<div class=\"elementor-element elementor-element-e0047e7 elementor-position-top elementor-vertical-align-top elementor-invisible elementor-widget elementor-widget-image-box\" data-id=\"e0047e7\" data-element_type=\"widget\" data-settings=\"{&quot;_animation&quot;:&quot;fadeInLeft&quot;}\" data-widget_type=\"image-box.default\">\n\t\t\t\t<div class=\"elementor-widget-container\">\n\t\t\t<style>\/*! elementor - v3.7.6 - 15-09-2022 *\/\n.elementor-widget-image-box .elementor-image-box-content{width:100%}@media (min-width:768px){.elementor-widget-image-box.elementor-position-left .elementor-image-box-wrapper,.elementor-widget-image-box.elementor-position-right .elementor-image-box-wrapper{display:-webkit-box;display:-ms-flexbox;display:flex}.elementor-widget-image-box.elementor-position-right .elementor-image-box-wrapper{text-align:right;-webkit-box-orient:horizontal;-webkit-box-direction:reverse;-ms-flex-direction:row-reverse;flex-direction:row-reverse}.elementor-widget-image-box.elementor-position-left .elementor-image-box-wrapper{text-align:left;-webkit-box-orient:horizontal;-webkit-box-direction:normal;-ms-flex-direction:row;flex-direction:row}.elementor-widget-image-box.elementor-position-top .elementor-image-box-img{margin:auto}.elementor-widget-image-box.elementor-vertical-align-top .elementor-image-box-wrapper{-webkit-box-align:start;-ms-flex-align:start;align-items:flex-start}.elementor-widget-image-box.elementor-vertical-align-middle .elementor-image-box-wrapper{-webkit-box-align:center;-ms-flex-align:center;align-items:center}.elementor-widget-image-box.elementor-vertical-align-bottom .elementor-image-box-wrapper{-webkit-box-align:end;-ms-flex-align:end;align-items:flex-end}}@media (max-width:767px){.elementor-widget-image-box .elementor-image-box-img{margin-left:auto!important;margin-right:auto!important;margin-bottom:15px}}.elementor-widget-image-box .elementor-image-box-img{display:inline-block}.elementor-widget-image-box .elementor-image-box-title a{color:inherit}.elementor-widget-image-box .elementor-image-box-wrapper{text-align:center}.elementor-widget-image-box .elementor-image-box-description{margin:0}<\/style><div class=\"elementor-image-box-wrapper\"><figure class=\"elementor-image-box-img\"><img loading=\"lazy\" decoding=\"async\" width=\"150\" height=\"150\" src=\"https:\/\/antymobber.pl\/wp-content\/uploads\/2022\/09\/cropped-cropped-cropped-logo-GTC-e1664106824573-150x150.jpg\" class=\"attachment-thumbnail size-thumbnail\" alt=\"\" \/><\/figure><div class=\"elementor-image-box-content\"><h3 class=\"elementor-image-box-title\">Katalog szkole\u0144<\/h3><p class=\"elementor-image-box-description\">\n\nNa \u017cyczenie Klienta zostanie przes\u0142any pe\u0142ny katalog szkole\u0144 i doradztwa proponowanego przez Global Testing Centre<\/p><\/div><\/div>\t\t<\/div>\n\t\t\t\t<\/div>\n\t\t\t\t\t<\/div>\n\t\t<\/div>\n\t\t\t\t\t\t\t<\/div>\n\t\t<\/section>\n\t\t\t\t<section class=\"elementor-section elementor-top-section elementor-element elementor-element-25b83f3 elementor-section-boxed elementor-section-height-default elementor-section-height-default\" data-id=\"25b83f3\" data-element_type=\"section\">\n\t\t\t\t\t\t<div class=\"elementor-container elementor-column-gap-default\">\n\t\t\t\t\t<div class=\"elementor-column elementor-col-100 elementor-top-column elementor-element elementor-element-abf460a\" data-id=\"abf460a\" data-element_type=\"column\">\n\t\t\t<div class=\"elementor-widget-wrap elementor-element-populated\">\n\t\t\t\t\t\t\t\t<div class=\"elementor-element elementor-element-b2c91c7 elementor-widget-divider--view-line elementor-widget elementor-widget-divider\" data-id=\"b2c91c7\" data-element_type=\"widget\" data-widget_type=\"divider.default\">\n\t\t\t\t<div class=\"elementor-widget-container\">\n\t\t\t<style>\/*! elementor - v3.7.6 - 15-09-2022 *\/\n.elementor-widget-divider{--divider-border-style:none;--divider-border-width:1px;--divider-color:#2c2c2c;--divider-icon-size:20px;--divider-element-spacing:10px;--divider-pattern-height:24px;--divider-pattern-size:20px;--divider-pattern-url:none;--divider-pattern-repeat:repeat-x}.elementor-widget-divider .elementor-divider{display:-webkit-box;display:-ms-flexbox;display:flex}.elementor-widget-divider .elementor-divider__text{font-size:15px;line-height:1;max-width:95%}.elementor-widget-divider .elementor-divider__element{margin:0 var(--divider-element-spacing);-ms-flex-negative:0;flex-shrink:0}.elementor-widget-divider .elementor-icon{font-size:var(--divider-icon-size)}.elementor-widget-divider .elementor-divider-separator{display:-webkit-box;display:-ms-flexbox;display:flex;margin:0;direction:ltr}.elementor-widget-divider--view-line_icon .elementor-divider-separator,.elementor-widget-divider--view-line_text .elementor-divider-separator{-webkit-box-align:center;-ms-flex-align:center;align-items:center}.elementor-widget-divider--view-line_icon .elementor-divider-separator:after,.elementor-widget-divider--view-line_icon .elementor-divider-separator:before,.elementor-widget-divider--view-line_text .elementor-divider-separator:after,.elementor-widget-divider--view-line_text .elementor-divider-separator:before{display:block;content:\"\";border-bottom:0;-webkit-box-flex:1;-ms-flex-positive:1;flex-grow:1;border-top:var(--divider-border-width) var(--divider-border-style) var(--divider-color)}.elementor-widget-divider--element-align-left .elementor-divider .elementor-divider-separator>.elementor-divider__svg:first-of-type{-webkit-box-flex:0;-ms-flex-positive:0;flex-grow:0;-ms-flex-negative:100;flex-shrink:100}.elementor-widget-divider--element-align-left .elementor-divider-separator:before{content:none}.elementor-widget-divider--element-align-left .elementor-divider__element{margin-left:0}.elementor-widget-divider--element-align-right .elementor-divider .elementor-divider-separator>.elementor-divider__svg:last-of-type{-webkit-box-flex:0;-ms-flex-positive:0;flex-grow:0;-ms-flex-negative:100;flex-shrink:100}.elementor-widget-divider--element-align-right .elementor-divider-separator:after{content:none}.elementor-widget-divider--element-align-right .elementor-divider__element{margin-right:0}.elementor-widget-divider:not(.elementor-widget-divider--view-line_text):not(.elementor-widget-divider--view-line_icon) .elementor-divider-separator{border-top:var(--divider-border-width) var(--divider-border-style) var(--divider-color)}.elementor-widget-divider--separator-type-pattern{--divider-border-style:none}.elementor-widget-divider--separator-type-pattern.elementor-widget-divider--view-line .elementor-divider-separator,.elementor-widget-divider--separator-type-pattern:not(.elementor-widget-divider--view-line) .elementor-divider-separator:after,.elementor-widget-divider--separator-type-pattern:not(.elementor-widget-divider--view-line) .elementor-divider-separator:before,.elementor-widget-divider--separator-type-pattern:not([class*=elementor-widget-divider--view]) .elementor-divider-separator{width:100%;min-height:var(--divider-pattern-height);-webkit-mask-size:var(--divider-pattern-size) 100%;mask-size:var(--divider-pattern-size) 100%;-webkit-mask-repeat:var(--divider-pattern-repeat);mask-repeat:var(--divider-pattern-repeat);background-color:var(--divider-color);-webkit-mask-image:var(--divider-pattern-url);mask-image:var(--divider-pattern-url)}.elementor-widget-divider--no-spacing{--divider-pattern-size:auto}.elementor-widget-divider--bg-round{--divider-pattern-repeat:round}.rtl .elementor-widget-divider .elementor-divider__text{direction:rtl}.e-container>.elementor-widget-divider{width:var(--container-widget-width,100%);--flex-grow:var(--container-widget-flex-grow,0)}<\/style>\t\t<div class=\"elementor-divider\">\n\t\t\t<span class=\"elementor-divider-separator\">\n\t\t\t\t\t\t<\/span>\n\t\t<\/div>\n\t\t\t\t<\/div>\n\t\t\t\t<\/div>\n\t\t\t\t<div class=\"elementor-element elementor-element-4b1c15e elementor-widget elementor-widget-text-editor\" data-id=\"4b1c15e\" data-element_type=\"widget\" data-widget_type=\"text-editor.default\">\n\t\t\t\t<div class=\"elementor-widget-container\">\n\t\t\t\t\t\t\t<p><strong>AUDYT POTRZEB SZKOLENIOWYCH<\/strong><\/p>\t\t\t\t\t\t<\/div>\n\t\t\t\t<\/div>\n\t\t\t\t\t<\/div>\n\t\t<\/div>\n\t\t\t\t\t\t\t<\/div>\n\t\t<\/section>\n\t\t\t\t<section class=\"elementor-section elementor-top-section elementor-element elementor-element-3c8d6e4 elementor-section-boxed elementor-section-height-default elementor-section-height-default\" data-id=\"3c8d6e4\" data-element_type=\"section\">\n\t\t\t\t\t\t<div class=\"elementor-container elementor-column-gap-default\">\n\t\t\t\t\t<div class=\"elementor-column elementor-col-100 elementor-top-column elementor-element elementor-element-b10cb05\" data-id=\"b10cb05\" data-element_type=\"column\">\n\t\t\t<div class=\"elementor-widget-wrap elementor-element-populated\">\n\t\t\t\t\t\t\t\t<div class=\"elementor-element elementor-element-33cf115 elementor-widget elementor-widget-text-editor\" data-id=\"33cf115\" data-element_type=\"widget\" data-widget_type=\"text-editor.default\">\n\t\t\t\t<div class=\"elementor-widget-container\">\n\t\t\t\t\t\t\t<ul><li><strong>Diagnoza sytuacji i potrzeb szkoleniowych Klienta<\/strong><\/li><li><p><strong>Hierarchizacja potrzeb<\/strong><\/p><\/li><li><p><strong>Definiowanie cel\u00f3w do osi\u0105gni\u0119cia<\/strong><\/p><\/li><li><strong>Prace nad scenariuszem (Indywidualne potrzeby szkoleniowe, Uwarunkowanie zwi\u0105zane z programem, Uwarunkowania zwi\u0105zane ze specyfik\u0105 lokaln\u0105)<\/strong><\/li><li><strong>Wypracowanie kilku scenariuszy dzia\u0142a\u0144<\/strong><\/li><li><strong>Wyb\u00f3r jednego ze scenariuszy<\/strong><\/li><li><strong>\u00a0SZKOLENIE W\u0141A\u015aCIWE<\/strong><\/li><li><p><strong>Coaching poszkoleniowy<\/strong><\/p><\/li><li><strong>Ewaluacja szkolenia<\/strong><\/li><\/ul><p><strong>Specyfika dzia\u0142a\u0144, pocz\u0105wszy od proces\u00f3w poprzedzaj\u0105cych przeprowadzenie szkolenia &#8211; konsultacji, a sko\u0144czywszy na raporcie ewaluacyjnym zosta\u0142a przedstawiona na rysunku poni\u017cej.<\/strong><\/p>\t\t\t\t\t\t<\/div>\n\t\t\t\t<\/div>\n\t\t\t\t\t<\/div>\n\t\t<\/div>\n\t\t\t\t\t\t\t<\/div>\n\t\t<\/section>\n\t\t\t\t\t\t\t<\/div>\n\t\t","protected":false},"excerpt":{"rendered":"<p>Wyb\u00f3r proponowanych szkole\u0144 do zrealizowania w \u015brodowisku ka\u017cdej organizacji poprawiaj\u0105ce funkcjonowanie\u00a0 zespo\u0142u pracownik\u00f3w. Nalezy pami\u0119ta\u0107 \u017ce najlepszy efekt daje zdiagnozowanie ewentualnych problem\u00f3w (audyt potrzeb). 1. Warsztaty umiej\u0119tno\u015bci mi\u0119dzykulturowych Budowanie kompetencji wielokulturowych. Celem szkolenia jest ugruntowanie uzyskanej wiedzy oraz mo\u017cliwo\u015b\u0107 prze\u0107wiczenia nabytych umiej\u0119tno\u015bci w kontaktach mi\u0119dzykulturowych. 2. Przeciwdzia\u0142anie zagro\u017ceniom psychospo\u0142ecznym w miejscu pracy Wsp\u00f3\u0142czesne badania dotycz\u0105ce [&hellip;]<\/p>\n","protected":false},"author":1,"featured_media":0,"parent":0,"menu_order":0,"comment_status":"closed","ping_status":"closed","template":"","meta":{"footnotes":""},"class_list":["post-92","page","type-page","status-publish","hentry"],"yoast_head":"<!-- This site is optimized with the Yoast SEO plugin v19.6.1 - https:\/\/yoast.com\/wordpress\/plugins\/seo\/ -->\n<title>SZKOLENIA -<\/title>\n<meta name=\"robots\" content=\"index, follow, max-snippet:-1, max-image-preview:large, max-video-preview:-1\" \/>\n<link rel=\"canonical\" href=\"https:\/\/antymobber.pl\/?page_id=92\" \/>\n<meta property=\"og:locale\" content=\"en_US\" \/>\n<meta property=\"og:type\" content=\"article\" \/>\n<meta property=\"og:title\" content=\"SZKOLENIA -\" \/>\n<meta property=\"og:description\" content=\"Wyb\u00f3r proponowanych szkole\u0144 do zrealizowania w \u015brodowisku ka\u017cdej organizacji poprawiaj\u0105ce funkcjonowanie\u00a0 zespo\u0142u pracownik\u00f3w. Nalezy pami\u0119ta\u0107 \u017ce najlepszy efekt daje zdiagnozowanie ewentualnych problem\u00f3w (audyt potrzeb). 1. Warsztaty umiej\u0119tno\u015bci mi\u0119dzykulturowych Budowanie kompetencji wielokulturowych. Celem szkolenia jest ugruntowanie uzyskanej wiedzy oraz mo\u017cliwo\u015b\u0107 prze\u0107wiczenia nabytych umiej\u0119tno\u015bci w kontaktach mi\u0119dzykulturowych. 2. Przeciwdzia\u0142anie zagro\u017ceniom psychospo\u0142ecznym w miejscu pracy Wsp\u00f3\u0142czesne badania dotycz\u0105ce [&hellip;]\" \/>\n<meta property=\"og:url\" content=\"https:\/\/antymobber.pl\/?page_id=92\" \/>\n<meta property=\"article:modified_time\" content=\"2023-02-23T13:51:20+00:00\" \/>\n<meta property=\"og:image\" content=\"http:\/\/antymobber.pl\/wp-content\/uploads\/2022\/09\/cropped-cropped-cropped-logo-GTC-e1664106824573-150x150.jpg\" \/>\n<meta name=\"twitter:card\" content=\"summary_large_image\" \/>\n<meta name=\"twitter:label1\" content=\"Est. reading time\" \/>\n\t<meta name=\"twitter:data1\" content=\"2 minutes\" \/>\n<script type=\"application\/ld+json\" class=\"yoast-schema-graph\">{\"@context\":\"https:\/\/schema.org\",\"@graph\":[{\"@type\":\"WebPage\",\"@id\":\"https:\/\/antymobber.pl\/?page_id=92\",\"url\":\"https:\/\/antymobber.pl\/?page_id=92\",\"name\":\"SZKOLENIA -\",\"isPartOf\":{\"@id\":\"https:\/\/antymobber.pl\/#website\"},\"datePublished\":\"2022-09-19T19:16:40+00:00\",\"dateModified\":\"2023-02-23T13:51:20+00:00\",\"breadcrumb\":{\"@id\":\"https:\/\/antymobber.pl\/?page_id=92#breadcrumb\"},\"inLanguage\":\"en-US\",\"potentialAction\":[{\"@type\":\"ReadAction\",\"target\":[\"https:\/\/antymobber.pl\/?page_id=92\"]}]},{\"@type\":\"BreadcrumbList\",\"@id\":\"https:\/\/antymobber.pl\/?page_id=92#breadcrumb\",\"itemListElement\":[{\"@type\":\"ListItem\",\"position\":1,\"name\":\"Home\",\"item\":\"https:\/\/antymobber.pl\/\"},{\"@type\":\"ListItem\",\"position\":2,\"name\":\"SZKOLENIA\"}]},{\"@type\":\"WebSite\",\"@id\":\"https:\/\/antymobber.pl\/#website\",\"url\":\"https:\/\/antymobber.pl\/\",\"name\":\"\",\"description\":\"DYSKRECJA  PROFESJONALIZM BEZPIECZE\u0143STWO\",\"potentialAction\":[{\"@type\":\"SearchAction\",\"target\":{\"@type\":\"EntryPoint\",\"urlTemplate\":\"https:\/\/antymobber.pl\/?s={search_term_string}\"},\"query-input\":\"required name=search_term_string\"}],\"inLanguage\":\"en-US\"}]}<\/script>\n<!-- \/ Yoast SEO plugin. -->","yoast_head_json":{"title":"SZKOLENIA -","robots":{"index":"index","follow":"follow","max-snippet":"max-snippet:-1","max-image-preview":"max-image-preview:large","max-video-preview":"max-video-preview:-1"},"canonical":"https:\/\/antymobber.pl\/?page_id=92","og_locale":"en_US","og_type":"article","og_title":"SZKOLENIA -","og_description":"Wyb\u00f3r proponowanych szkole\u0144 do zrealizowania w \u015brodowisku ka\u017cdej organizacji poprawiaj\u0105ce funkcjonowanie\u00a0 zespo\u0142u pracownik\u00f3w. Nalezy pami\u0119ta\u0107 \u017ce najlepszy efekt daje zdiagnozowanie ewentualnych problem\u00f3w (audyt potrzeb). 1. Warsztaty umiej\u0119tno\u015bci mi\u0119dzykulturowych Budowanie kompetencji wielokulturowych. Celem szkolenia jest ugruntowanie uzyskanej wiedzy oraz mo\u017cliwo\u015b\u0107 prze\u0107wiczenia nabytych umiej\u0119tno\u015bci w kontaktach mi\u0119dzykulturowych. 2. Przeciwdzia\u0142anie zagro\u017ceniom psychospo\u0142ecznym w miejscu pracy Wsp\u00f3\u0142czesne badania dotycz\u0105ce [&hellip;]","og_url":"https:\/\/antymobber.pl\/?page_id=92","article_modified_time":"2023-02-23T13:51:20+00:00","og_image":[{"url":"http:\/\/antymobber.pl\/wp-content\/uploads\/2022\/09\/cropped-cropped-cropped-logo-GTC-e1664106824573-150x150.jpg"}],"twitter_card":"summary_large_image","twitter_misc":{"Est. reading time":"2 minutes"},"schema":{"@context":"https:\/\/schema.org","@graph":[{"@type":"WebPage","@id":"https:\/\/antymobber.pl\/?page_id=92","url":"https:\/\/antymobber.pl\/?page_id=92","name":"SZKOLENIA -","isPartOf":{"@id":"https:\/\/antymobber.pl\/#website"},"datePublished":"2022-09-19T19:16:40+00:00","dateModified":"2023-02-23T13:51:20+00:00","breadcrumb":{"@id":"https:\/\/antymobber.pl\/?page_id=92#breadcrumb"},"inLanguage":"en-US","potentialAction":[{"@type":"ReadAction","target":["https:\/\/antymobber.pl\/?page_id=92"]}]},{"@type":"BreadcrumbList","@id":"https:\/\/antymobber.pl\/?page_id=92#breadcrumb","itemListElement":[{"@type":"ListItem","position":1,"name":"Home","item":"https:\/\/antymobber.pl\/"},{"@type":"ListItem","position":2,"name":"SZKOLENIA"}]},{"@type":"WebSite","@id":"https:\/\/antymobber.pl\/#website","url":"https:\/\/antymobber.pl\/","name":"","description":"DYSKRECJA  PROFESJONALIZM BEZPIECZE\u0143STWO","potentialAction":[{"@type":"SearchAction","target":{"@type":"EntryPoint","urlTemplate":"https:\/\/antymobber.pl\/?s={search_term_string}"},"query-input":"required name=search_term_string"}],"inLanguage":"en-US"}]}},"_links":{"self":[{"href":"https:\/\/antymobber.pl\/index.php?rest_route=\/wp\/v2\/pages\/92","targetHints":{"allow":["GET"]}}],"collection":[{"href":"https:\/\/antymobber.pl\/index.php?rest_route=\/wp\/v2\/pages"}],"about":[{"href":"https:\/\/antymobber.pl\/index.php?rest_route=\/wp\/v2\/types\/page"}],"author":[{"embeddable":true,"href":"https:\/\/antymobber.pl\/index.php?rest_route=\/wp\/v2\/users\/1"}],"replies":[{"embeddable":true,"href":"https:\/\/antymobber.pl\/index.php?rest_route=%2Fwp%2Fv2%2Fcomments&post=92"}],"version-history":[{"count":78,"href":"https:\/\/antymobber.pl\/index.php?rest_route=\/wp\/v2\/pages\/92\/revisions"}],"predecessor-version":[{"id":236,"href":"https:\/\/antymobber.pl\/index.php?rest_route=\/wp\/v2\/pages\/92\/revisions\/236"}],"wp:attachment":[{"href":"https:\/\/antymobber.pl\/index.php?rest_route=%2Fwp%2Fv2%2Fmedia&parent=92"}],"curies":[{"name":"wp","href":"https:\/\/api.w.org\/{rel}","templated":true}]}}