{"id":89,"date":"2022-09-19T21:14:17","date_gmt":"2022-09-19T19:14:17","guid":{"rendered":"http:\/\/antymobber.pl\/?page_id=89"},"modified":"2023-02-24T13:48:00","modified_gmt":"2023-02-24T12:48:00","slug":"prowadzacy","status":"publish","type":"page","link":"https:\/\/antymobber.pl\/?page_id=89","title":{"rendered":"PROWADZ\u0104CY"},"content":{"rendered":"\t\t<div data-elementor-type=\"wp-page\" data-elementor-id=\"89\" class=\"elementor elementor-89\">\n\t\t\t\t\t\t\t\t\t<section class=\"elementor-section elementor-top-section elementor-element elementor-element-fddb549 elementor-section-boxed elementor-section-height-default elementor-section-height-default\" data-id=\"fddb549\" data-element_type=\"section\">\n\t\t\t\t\t\t<div class=\"elementor-container elementor-column-gap-default\">\n\t\t\t\t\t<div class=\"elementor-column elementor-col-100 elementor-top-column elementor-element elementor-element-fce1fed\" data-id=\"fce1fed\" data-element_type=\"column\">\n\t\t\t<div class=\"elementor-widget-wrap elementor-element-populated\">\n\t\t\t\t\t\t\t\t<div class=\"elementor-element elementor-element-fcaa22d elementor-widget elementor-widget-accordion\" data-id=\"fcaa22d\" data-element_type=\"widget\" data-widget_type=\"accordion.default\">\n\t\t\t\t<div class=\"elementor-widget-container\">\n\t\t\t<style>\/*! elementor - v3.7.6 - 15-09-2022 *\/\n.elementor-accordion{text-align:left}.elementor-accordion .elementor-accordion-item{border:1px solid #d4d4d4}.elementor-accordion .elementor-accordion-item+.elementor-accordion-item{border-top:none}.elementor-accordion .elementor-tab-title{margin:0;padding:15px 20px;font-weight:700;line-height:1;cursor:pointer;outline:none}.elementor-accordion .elementor-tab-title .elementor-accordion-icon{display:inline-block;width:1.5em}.elementor-accordion .elementor-tab-title .elementor-accordion-icon svg{width:1em;height:1em}.elementor-accordion .elementor-tab-title .elementor-accordion-icon.elementor-accordion-icon-right{float:right;text-align:right}.elementor-accordion .elementor-tab-title .elementor-accordion-icon.elementor-accordion-icon-left{float:left;text-align:left}.elementor-accordion .elementor-tab-title .elementor-accordion-icon .elementor-accordion-icon-closed{display:block}.elementor-accordion .elementor-tab-title .elementor-accordion-icon .elementor-accordion-icon-opened,.elementor-accordion .elementor-tab-title.elementor-active .elementor-accordion-icon-closed{display:none}.elementor-accordion .elementor-tab-title.elementor-active .elementor-accordion-icon-opened{display:block}.elementor-accordion .elementor-tab-content{display:none;padding:15px 20px;border-top:1px solid #d4d4d4}@media (max-width:767px){.elementor-accordion .elementor-tab-title{padding:12px 15px}.elementor-accordion .elementor-tab-title .elementor-accordion-icon{width:1.2em}.elementor-accordion .elementor-tab-content{padding:7px 15px}}.e-container>.elementor-widget-accordion{width:var(--container-widget-width,100%)}<\/style>\t\t<div class=\"elementor-accordion\" role=\"tablist\">\n\t\t\t\t\t\t\t<div class=\"elementor-accordion-item\">\n\t\t\t\t\t<div id=\"elementor-tab-title-2641\" class=\"elementor-tab-title\" data-tab=\"1\" role=\"tab\" aria-controls=\"elementor-tab-content-2641\" aria-expanded=\"false\">\n\t\t\t\t\t\t\t\t\t\t\t\t\t<span class=\"elementor-accordion-icon elementor-accordion-icon-left\" aria-hidden=\"true\">\n\t\t\t\t\t\t\t\t\t\t\t\t\t\t\t<span class=\"elementor-accordion-icon-closed\"><i class=\"fas fa-plus\"><\/i><\/span>\n\t\t\t\t\t\t\t\t<span class=\"elementor-accordion-icon-opened\"><i class=\"fas fa-minus\"><\/i><\/span>\n\t\t\t\t\t\t\t\t\t\t\t\t\t\t<\/span>\n\t\t\t\t\t\t\t\t\t\t\t\t<a class=\"elementor-accordion-title\" href=\"\">Ekspert w obszarze prawa<\/a>\n\t\t\t\t\t<\/div>\n\t\t\t\t\t<div id=\"elementor-tab-content-2641\" class=\"elementor-tab-content elementor-clearfix\" data-tab=\"1\" role=\"tabpanel\" aria-labelledby=\"elementor-tab-title-2641\"><p>do\u015bwiadczenie w przeci\u0105gu ostatnich 10 lat\u00a0 w obszarze prawa pracy<\/p><\/div>\n\t\t\t\t<\/div>\n\t\t\t\t\t\t\t<div class=\"elementor-accordion-item\">\n\t\t\t\t\t<div id=\"elementor-tab-title-2642\" class=\"elementor-tab-title\" data-tab=\"2\" role=\"tab\" aria-controls=\"elementor-tab-content-2642\" aria-expanded=\"false\">\n\t\t\t\t\t\t\t\t\t\t\t\t\t<span class=\"elementor-accordion-icon elementor-accordion-icon-left\" aria-hidden=\"true\">\n\t\t\t\t\t\t\t\t\t\t\t\t\t\t\t<span class=\"elementor-accordion-icon-closed\"><i class=\"fas fa-plus\"><\/i><\/span>\n\t\t\t\t\t\t\t\t<span class=\"elementor-accordion-icon-opened\"><i class=\"fas fa-minus\"><\/i><\/span>\n\t\t\t\t\t\t\t\t\t\t\t\t\t\t<\/span>\n\t\t\t\t\t\t\t\t\t\t\t\t<a class=\"elementor-accordion-title\" href=\"\">Ekspert w zakresie zarz\u0105dzania zasobami ludzkimi<\/a>\n\t\t\t\t\t<\/div>\n\t\t\t\t\t<div id=\"elementor-tab-content-2642\" class=\"elementor-tab-content elementor-clearfix\" data-tab=\"2\" role=\"tabpanel\" aria-labelledby=\"elementor-tab-title-2642\"><p>5-letnie do\u015bwiadczenie w przeci\u0105gu ostatnich 10 lat w wykonywaniu dzia\u0142a\u0144 w obszarze relacji interpersonalnych w miejscu pracy lub zarz\u0105dzania zasobami ludzkimi.<\/p><\/div>\n\t\t\t\t<\/div>\n\t\t\t\t\t\t\t<div class=\"elementor-accordion-item\">\n\t\t\t\t\t<div id=\"elementor-tab-title-2643\" class=\"elementor-tab-title\" data-tab=\"3\" role=\"tab\" aria-controls=\"elementor-tab-content-2643\" aria-expanded=\"false\">\n\t\t\t\t\t\t\t\t\t\t\t\t\t<span class=\"elementor-accordion-icon elementor-accordion-icon-left\" aria-hidden=\"true\">\n\t\t\t\t\t\t\t\t\t\t\t\t\t\t\t<span class=\"elementor-accordion-icon-closed\"><i class=\"fas fa-plus\"><\/i><\/span>\n\t\t\t\t\t\t\t\t<span class=\"elementor-accordion-icon-opened\"><i class=\"fas fa-minus\"><\/i><\/span>\n\t\t\t\t\t\t\t\t\t\t\t\t\t\t<\/span>\n\t\t\t\t\t\t\t\t\t\t\t\t<a class=\"elementor-accordion-title\" href=\"\">Ekspert w zakresie psychologii<\/a>\n\t\t\t\t\t<\/div>\n\t\t\t\t\t<div id=\"elementor-tab-content-2643\" class=\"elementor-tab-content elementor-clearfix\" data-tab=\"3\" role=\"tabpanel\" aria-labelledby=\"elementor-tab-title-2643\"><p>psychologia oraz co najmniej 5-letnie do\u015bwiadczenie w przeci\u0105gu ostatnich 10 lat w wykonywaniu dzia\u0142a\u0144 w obszarze\u00a0 \u015brodowiska pracy.<\/p><\/div>\n\t\t\t\t<\/div>\n\t\t\t\t\t\t\t\t<\/div>\n\t\t\t\t<\/div>\n\t\t\t\t<\/div>\n\t\t\t\t\t<\/div>\n\t\t<\/div>\n\t\t\t\t\t\t\t<\/div>\n\t\t<\/section>\n\t\t\t\t\t\t\t<\/div>\n\t\t","protected":false},"excerpt":{"rendered":"<p>Ekspert w obszarze prawa do\u015bwiadczenie w przeci\u0105gu ostatnich 10 lat\u00a0 w obszarze prawa pracy Ekspert w zakresie zarz\u0105dzania zasobami ludzkimi 5-letnie do\u015bwiadczenie w przeci\u0105gu ostatnich 10 lat w wykonywaniu dzia\u0142a\u0144 w obszarze relacji interpersonalnych w miejscu pracy lub zarz\u0105dzania zasobami ludzkimi. Ekspert w zakresie psychologii psychologia oraz co najmniej 5-letnie do\u015bwiadczenie w przeci\u0105gu ostatnich 10 [&hellip;]<\/p>\n","protected":false},"author":1,"featured_media":0,"parent":0,"menu_order":0,"comment_status":"closed","ping_status":"closed","template":"","meta":{"footnotes":""},"class_list":["post-89","page","type-page","status-publish","hentry"],"yoast_head":"<!-- This site is optimized with the Yoast SEO plugin v19.6.1 - https:\/\/yoast.com\/wordpress\/plugins\/seo\/ -->\n<title>PROWADZ\u0104CY -<\/title>\n<meta name=\"robots\" content=\"index, follow, max-snippet:-1, max-image-preview:large, max-video-preview:-1\" \/>\n<link rel=\"canonical\" href=\"https:\/\/antymobber.pl\/?page_id=89\" \/>\n<meta property=\"og:locale\" content=\"en_US\" \/>\n<meta property=\"og:type\" content=\"article\" \/>\n<meta property=\"og:title\" content=\"PROWADZ\u0104CY -\" \/>\n<meta property=\"og:description\" content=\"Ekspert w obszarze prawa do\u015bwiadczenie w przeci\u0105gu ostatnich 10 lat\u00a0 w obszarze prawa pracy Ekspert w zakresie zarz\u0105dzania zasobami ludzkimi 5-letnie do\u015bwiadczenie w przeci\u0105gu ostatnich 10 lat w wykonywaniu dzia\u0142a\u0144 w obszarze relacji interpersonalnych w miejscu pracy lub zarz\u0105dzania zasobami ludzkimi. Ekspert w zakresie psychologii psychologia oraz co najmniej 5-letnie do\u015bwiadczenie w przeci\u0105gu ostatnich 10 [&hellip;]\" \/>\n<meta property=\"og:url\" content=\"https:\/\/antymobber.pl\/?page_id=89\" \/>\n<meta property=\"article:modified_time\" content=\"2023-02-24T12:48:00+00:00\" \/>\n<meta name=\"twitter:card\" content=\"summary_large_image\" \/>\n<meta name=\"twitter:label1\" content=\"Est. reading time\" \/>\n\t<meta name=\"twitter:data1\" content=\"1 minute\" \/>\n<script type=\"application\/ld+json\" class=\"yoast-schema-graph\">{\"@context\":\"https:\/\/schema.org\",\"@graph\":[{\"@type\":\"WebPage\",\"@id\":\"https:\/\/antymobber.pl\/?page_id=89\",\"url\":\"https:\/\/antymobber.pl\/?page_id=89\",\"name\":\"PROWADZ\u0104CY -\",\"isPartOf\":{\"@id\":\"https:\/\/antymobber.pl\/#website\"},\"datePublished\":\"2022-09-19T19:14:17+00:00\",\"dateModified\":\"2023-02-24T12:48:00+00:00\",\"breadcrumb\":{\"@id\":\"https:\/\/antymobber.pl\/?page_id=89#breadcrumb\"},\"inLanguage\":\"en-US\",\"potentialAction\":[{\"@type\":\"ReadAction\",\"target\":[\"https:\/\/antymobber.pl\/?page_id=89\"]}]},{\"@type\":\"BreadcrumbList\",\"@id\":\"https:\/\/antymobber.pl\/?page_id=89#breadcrumb\",\"itemListElement\":[{\"@type\":\"ListItem\",\"position\":1,\"name\":\"Home\",\"item\":\"https:\/\/antymobber.pl\/\"},{\"@type\":\"ListItem\",\"position\":2,\"name\":\"PROWADZ\u0104CY\"}]},{\"@type\":\"WebSite\",\"@id\":\"https:\/\/antymobber.pl\/#website\",\"url\":\"https:\/\/antymobber.pl\/\",\"name\":\"\",\"description\":\"DYSKRECJA  PROFESJONALIZM BEZPIECZE\u0143STWO\",\"potentialAction\":[{\"@type\":\"SearchAction\",\"target\":{\"@type\":\"EntryPoint\",\"urlTemplate\":\"https:\/\/antymobber.pl\/?s={search_term_string}\"},\"query-input\":\"required name=search_term_string\"}],\"inLanguage\":\"en-US\"}]}<\/script>\n<!-- \/ Yoast SEO plugin. -->","yoast_head_json":{"title":"PROWADZ\u0104CY -","robots":{"index":"index","follow":"follow","max-snippet":"max-snippet:-1","max-image-preview":"max-image-preview:large","max-video-preview":"max-video-preview:-1"},"canonical":"https:\/\/antymobber.pl\/?page_id=89","og_locale":"en_US","og_type":"article","og_title":"PROWADZ\u0104CY -","og_description":"Ekspert w obszarze prawa do\u015bwiadczenie w przeci\u0105gu ostatnich 10 lat\u00a0 w obszarze prawa pracy Ekspert w zakresie zarz\u0105dzania zasobami ludzkimi 5-letnie do\u015bwiadczenie w przeci\u0105gu ostatnich 10 lat w wykonywaniu dzia\u0142a\u0144 w obszarze relacji interpersonalnych w miejscu pracy lub zarz\u0105dzania zasobami ludzkimi. Ekspert w zakresie psychologii psychologia oraz co najmniej 5-letnie do\u015bwiadczenie w przeci\u0105gu ostatnich 10 [&hellip;]","og_url":"https:\/\/antymobber.pl\/?page_id=89","article_modified_time":"2023-02-24T12:48:00+00:00","twitter_card":"summary_large_image","twitter_misc":{"Est. reading time":"1 minute"},"schema":{"@context":"https:\/\/schema.org","@graph":[{"@type":"WebPage","@id":"https:\/\/antymobber.pl\/?page_id=89","url":"https:\/\/antymobber.pl\/?page_id=89","name":"PROWADZ\u0104CY -","isPartOf":{"@id":"https:\/\/antymobber.pl\/#website"},"datePublished":"2022-09-19T19:14:17+00:00","dateModified":"2023-02-24T12:48:00+00:00","breadcrumb":{"@id":"https:\/\/antymobber.pl\/?page_id=89#breadcrumb"},"inLanguage":"en-US","potentialAction":[{"@type":"ReadAction","target":["https:\/\/antymobber.pl\/?page_id=89"]}]},{"@type":"BreadcrumbList","@id":"https:\/\/antymobber.pl\/?page_id=89#breadcrumb","itemListElement":[{"@type":"ListItem","position":1,"name":"Home","item":"https:\/\/antymobber.pl\/"},{"@type":"ListItem","position":2,"name":"PROWADZ\u0104CY"}]},{"@type":"WebSite","@id":"https:\/\/antymobber.pl\/#website","url":"https:\/\/antymobber.pl\/","name":"","description":"DYSKRECJA  PROFESJONALIZM BEZPIECZE\u0143STWO","potentialAction":[{"@type":"SearchAction","target":{"@type":"EntryPoint","urlTemplate":"https:\/\/antymobber.pl\/?s={search_term_string}"},"query-input":"required name=search_term_string"}],"inLanguage":"en-US"}]}},"_links":{"self":[{"href":"https:\/\/antymobber.pl\/index.php?rest_route=\/wp\/v2\/pages\/89","targetHints":{"allow":["GET"]}}],"collection":[{"href":"https:\/\/antymobber.pl\/index.php?rest_route=\/wp\/v2\/pages"}],"about":[{"href":"https:\/\/antymobber.pl\/index.php?rest_route=\/wp\/v2\/types\/page"}],"author":[{"embeddable":true,"href":"https:\/\/antymobber.pl\/index.php?rest_route=\/wp\/v2\/users\/1"}],"replies":[{"embeddable":true,"href":"https:\/\/antymobber.pl\/index.php?rest_route=%2Fwp%2Fv2%2Fcomments&post=89"}],"version-history":[{"count":19,"href":"https:\/\/antymobber.pl\/index.php?rest_route=\/wp\/v2\/pages\/89\/revisions"}],"predecessor-version":[{"id":320,"href":"https:\/\/antymobber.pl\/index.php?rest_route=\/wp\/v2\/pages\/89\/revisions\/320"}],"wp:attachment":[{"href":"https:\/\/antymobber.pl\/index.php?rest_route=%2Fwp%2Fv2%2Fmedia&parent=89"}],"curies":[{"name":"wp","href":"https:\/\/api.w.org\/{rel}","templated":true}]}}