{"id":86,"date":"2022-09-19T21:12:10","date_gmt":"2022-09-19T19:12:10","guid":{"rendered":"http:\/\/antymobber.pl\/?page_id=86"},"modified":"2023-02-24T13:34:54","modified_gmt":"2023-02-24T12:34:54","slug":"program-kursu","status":"publish","type":"page","link":"https:\/\/antymobber.pl\/?page_id=86","title":{"rendered":"PROGRAM KURSU"},"content":{"rendered":"\t\t<div data-elementor-type=\"wp-page\" data-elementor-id=\"86\" class=\"elementor elementor-86\">\n\t\t\t\t\t\t\t\t\t<section class=\"elementor-section elementor-top-section elementor-element elementor-element-c2503c5 elementor-section-boxed elementor-section-height-default elementor-section-height-default\" data-id=\"c2503c5\" data-element_type=\"section\">\n\t\t\t\t\t\t<div class=\"elementor-container elementor-column-gap-default\">\n\t\t\t\t\t<div class=\"elementor-column elementor-col-100 elementor-top-column elementor-element elementor-element-93d9e52\" data-id=\"93d9e52\" data-element_type=\"column\">\n\t\t\t<div class=\"elementor-widget-wrap elementor-element-populated\">\n\t\t\t\t\t\t\t\t<div class=\"elementor-element elementor-element-3f36c5b animated-slow elementor-invisible elementor-widget elementor-widget-text-editor\" data-id=\"3f36c5b\" data-element_type=\"widget\" data-settings=\"{&quot;_animation&quot;:&quot;fadeInLeft&quot;}\" data-widget_type=\"text-editor.default\">\n\t\t\t\t<div class=\"elementor-widget-container\">\n\t\t\t<style>\/*! elementor - v3.7.6 - 15-09-2022 *\/\n.elementor-widget-text-editor.elementor-drop-cap-view-stacked .elementor-drop-cap{background-color:#818a91;color:#fff}.elementor-widget-text-editor.elementor-drop-cap-view-framed .elementor-drop-cap{color:#818a91;border:3px solid;background-color:transparent}.elementor-widget-text-editor:not(.elementor-drop-cap-view-default) .elementor-drop-cap{margin-top:8px}.elementor-widget-text-editor:not(.elementor-drop-cap-view-default) .elementor-drop-cap-letter{width:1em;height:1em}.elementor-widget-text-editor .elementor-drop-cap{float:left;text-align:center;line-height:1;font-size:50px}.elementor-widget-text-editor .elementor-drop-cap-letter{display:inline-block}<\/style>\t\t\t\t<p>KURS TO MINIMUM 270h ZAJ\u0118\u0106 PRAKTYCZNYCH I TEORETYCZNYCH PRZEWIDZIANY DO REALIZACJI W NAST\u0118PUJACYCH BLOKACH:<\/p>\n<ol>\n<li>Podstawy teoretyczne pracy z osob\u0105 i organizacj\u0105 w obszarze przeciwdzia\u0142ania mobbingowi lub dyskryminacji lub nier\u00f3wnemu traktowaniu lub molestowaniu psychicznemu lub molestowaniu seksualnemu oraz przeciwdzia\u0142aniu zagro\u017ceniom psychospo\u0142ecznym w miejscu pracy (130 godz.)<\/li>\n<\/ol>\n<ul>\n<li>Charakteryzuje zagro\u017cenia psychospo\u0142eczne w miejscu pracy<\/li>\n<li>\n<p>Charakteryzuje zagadnienia z zakresu prawa krajowego i UE<\/p>\n<\/li>\n<li>Omawia zagadnienia zwi\u0105zane z porozumieniami\u00a0 ramowymi<\/li>\n<li>Charakteryzuje zagadnienia dotycz\u0105ce psychologii spo\u0142ecznej<\/li>\n<li>\n<p>Charakteryzuje zagadnienia z psychologii klinicznej<\/p>\n<\/li>\n<\/ul>\n<p>\u00a0<\/p>\n<p>2. Praca z osob\u0105 do\u015bwiadczaj\u0105c\u0105 mobbingu lub dyskryminacji lub nier\u00f3wnego traktowania lub molestowania psychicznego lub molestowania seksualnego. (70 godz.)<\/p>\n<ul>\n<li>\n<p>Przeprowadza rozmow\u0119 z osob\u0105 zg\u0142aszaj\u0105c\u0105 nieprawid\u0142owo\u015bci<\/p>\n<\/li>\n<li>\n<p>Tworzy\u00a0 \u015bcie\u017cki post\u0119powania w kontek\u015bcie osoby zg\u0142aszaj\u0105cej nieprawid\u0142owo\u015bci<\/p>\n<\/li>\n<li>\n<p>Przestrzega zasad etyki zawodowej<\/p>\n<\/li>\n<\/ul>\n<p>\u00a0<\/p>\n<p>3. Praca z organizacj\u0105 w obszarze przeciwdzia\u0142ania zagro\u017ceniom psychospo\u0142ecznym w miejscu pracy. (70 godz.)<\/p>\n<ul>\n<li>Charakteryzuje zagadnienia zwi\u0105zane z dzia\u0142aniami prewencyjnymi w miejscu pracy<\/li>\n<li>\n<p>Odpowiedzialnie wykonuje swoje zadania zawodowe, dba o zdrowe i higieniczne \u015brodowisko pracy<\/p>\n<\/li>\n<li>\n<p>Tworzy dokumenty dotycz\u0105ce polityk antymobbingowej, dyskryminacyjnej, r\u00f3wno\u015bciowej oraz kodeksy etyczne<\/p>\n<\/li>\n<li>Charakteryzuje procedury przeciwdzia\u0142aj\u0105ce zagro\u017ceniom psychospo\u0142ecznym w miejscu pracy<\/li>\n<li>Monitoruje przestrzeganie zasad wsp\u00f3\u0142\u017cycia spo\u0142ecznego w oraz higienicznych i bezpiecznych warunk\u00f3w pracy w kontek\u015bcie zagro\u017ce\u0144 psychospo\u0142ecznych w miejscu pracy<\/li>\n<\/ul>\t\t\t\t\t\t<\/div>\n\t\t\t\t<\/div>\n\t\t\t\t\t<\/div>\n\t\t<\/div>\n\t\t\t\t\t\t\t<\/div>\n\t\t<\/section>\n\t\t\t\t\t\t\t<\/div>\n\t\t","protected":false},"excerpt":{"rendered":"<p>KURS TO MINIMUM 270h ZAJ\u0118\u0106 PRAKTYCZNYCH I TEORETYCZNYCH PRZEWIDZIANY DO REALIZACJI W NAST\u0118PUJACYCH BLOKACH: Podstawy teoretyczne pracy z osob\u0105 i organizacj\u0105 w obszarze przeciwdzia\u0142ania mobbingowi lub dyskryminacji lub nier\u00f3wnemu traktowaniu lub molestowaniu psychicznemu lub molestowaniu seksualnemu oraz przeciwdzia\u0142aniu zagro\u017ceniom psychospo\u0142ecznym w miejscu pracy (130 godz.) Charakteryzuje zagro\u017cenia psychospo\u0142eczne w miejscu pracy Charakteryzuje zagadnienia z zakresu [&hellip;]<\/p>\n","protected":false},"author":1,"featured_media":0,"parent":0,"menu_order":0,"comment_status":"closed","ping_status":"closed","template":"","meta":{"footnotes":""},"class_list":["post-86","page","type-page","status-publish","hentry"],"yoast_head":"<!-- This site is optimized with the Yoast SEO plugin v19.6.1 - https:\/\/yoast.com\/wordpress\/plugins\/seo\/ -->\n<title>PROGRAM KURSU -<\/title>\n<meta name=\"robots\" content=\"index, follow, max-snippet:-1, max-image-preview:large, max-video-preview:-1\" \/>\n<link rel=\"canonical\" href=\"https:\/\/antymobber.pl\/?page_id=86\" \/>\n<meta property=\"og:locale\" content=\"en_US\" \/>\n<meta property=\"og:type\" content=\"article\" \/>\n<meta property=\"og:title\" content=\"PROGRAM KURSU -\" \/>\n<meta property=\"og:description\" content=\"KURS TO MINIMUM 270h ZAJ\u0118\u0106 PRAKTYCZNYCH I TEORETYCZNYCH PRZEWIDZIANY DO REALIZACJI W NAST\u0118PUJACYCH BLOKACH: Podstawy teoretyczne pracy z osob\u0105 i organizacj\u0105 w obszarze przeciwdzia\u0142ania mobbingowi lub dyskryminacji lub nier\u00f3wnemu traktowaniu lub molestowaniu psychicznemu lub molestowaniu seksualnemu oraz przeciwdzia\u0142aniu zagro\u017ceniom psychospo\u0142ecznym w miejscu pracy (130 godz.) Charakteryzuje zagro\u017cenia psychospo\u0142eczne w miejscu pracy Charakteryzuje zagadnienia z zakresu [&hellip;]\" \/>\n<meta property=\"og:url\" content=\"https:\/\/antymobber.pl\/?page_id=86\" \/>\n<meta property=\"article:modified_time\" content=\"2023-02-24T12:34:54+00:00\" \/>\n<meta name=\"twitter:card\" content=\"summary_large_image\" \/>\n<meta name=\"twitter:label1\" content=\"Est. reading time\" \/>\n\t<meta name=\"twitter:data1\" content=\"2 minutes\" \/>\n<script type=\"application\/ld+json\" class=\"yoast-schema-graph\">{\"@context\":\"https:\/\/schema.org\",\"@graph\":[{\"@type\":\"WebPage\",\"@id\":\"https:\/\/antymobber.pl\/?page_id=86\",\"url\":\"https:\/\/antymobber.pl\/?page_id=86\",\"name\":\"PROGRAM KURSU -\",\"isPartOf\":{\"@id\":\"https:\/\/antymobber.pl\/#website\"},\"datePublished\":\"2022-09-19T19:12:10+00:00\",\"dateModified\":\"2023-02-24T12:34:54+00:00\",\"breadcrumb\":{\"@id\":\"https:\/\/antymobber.pl\/?page_id=86#breadcrumb\"},\"inLanguage\":\"en-US\",\"potentialAction\":[{\"@type\":\"ReadAction\",\"target\":[\"https:\/\/antymobber.pl\/?page_id=86\"]}]},{\"@type\":\"BreadcrumbList\",\"@id\":\"https:\/\/antymobber.pl\/?page_id=86#breadcrumb\",\"itemListElement\":[{\"@type\":\"ListItem\",\"position\":1,\"name\":\"Home\",\"item\":\"https:\/\/antymobber.pl\/\"},{\"@type\":\"ListItem\",\"position\":2,\"name\":\"PROGRAM KURSU\"}]},{\"@type\":\"WebSite\",\"@id\":\"https:\/\/antymobber.pl\/#website\",\"url\":\"https:\/\/antymobber.pl\/\",\"name\":\"\",\"description\":\"DYSKRECJA  PROFESJONALIZM BEZPIECZE\u0143STWO\",\"potentialAction\":[{\"@type\":\"SearchAction\",\"target\":{\"@type\":\"EntryPoint\",\"urlTemplate\":\"https:\/\/antymobber.pl\/?s={search_term_string}\"},\"query-input\":\"required name=search_term_string\"}],\"inLanguage\":\"en-US\"}]}<\/script>\n<!-- \/ Yoast SEO plugin. -->","yoast_head_json":{"title":"PROGRAM KURSU -","robots":{"index":"index","follow":"follow","max-snippet":"max-snippet:-1","max-image-preview":"max-image-preview:large","max-video-preview":"max-video-preview:-1"},"canonical":"https:\/\/antymobber.pl\/?page_id=86","og_locale":"en_US","og_type":"article","og_title":"PROGRAM KURSU -","og_description":"KURS TO MINIMUM 270h ZAJ\u0118\u0106 PRAKTYCZNYCH I TEORETYCZNYCH PRZEWIDZIANY DO REALIZACJI W NAST\u0118PUJACYCH BLOKACH: Podstawy teoretyczne pracy z osob\u0105 i organizacj\u0105 w obszarze przeciwdzia\u0142ania mobbingowi lub dyskryminacji lub nier\u00f3wnemu traktowaniu lub molestowaniu psychicznemu lub molestowaniu seksualnemu oraz przeciwdzia\u0142aniu zagro\u017ceniom psychospo\u0142ecznym w miejscu pracy (130 godz.) Charakteryzuje zagro\u017cenia psychospo\u0142eczne w miejscu pracy Charakteryzuje zagadnienia z zakresu [&hellip;]","og_url":"https:\/\/antymobber.pl\/?page_id=86","article_modified_time":"2023-02-24T12:34:54+00:00","twitter_card":"summary_large_image","twitter_misc":{"Est. reading time":"2 minutes"},"schema":{"@context":"https:\/\/schema.org","@graph":[{"@type":"WebPage","@id":"https:\/\/antymobber.pl\/?page_id=86","url":"https:\/\/antymobber.pl\/?page_id=86","name":"PROGRAM KURSU -","isPartOf":{"@id":"https:\/\/antymobber.pl\/#website"},"datePublished":"2022-09-19T19:12:10+00:00","dateModified":"2023-02-24T12:34:54+00:00","breadcrumb":{"@id":"https:\/\/antymobber.pl\/?page_id=86#breadcrumb"},"inLanguage":"en-US","potentialAction":[{"@type":"ReadAction","target":["https:\/\/antymobber.pl\/?page_id=86"]}]},{"@type":"BreadcrumbList","@id":"https:\/\/antymobber.pl\/?page_id=86#breadcrumb","itemListElement":[{"@type":"ListItem","position":1,"name":"Home","item":"https:\/\/antymobber.pl\/"},{"@type":"ListItem","position":2,"name":"PROGRAM KURSU"}]},{"@type":"WebSite","@id":"https:\/\/antymobber.pl\/#website","url":"https:\/\/antymobber.pl\/","name":"","description":"DYSKRECJA  PROFESJONALIZM BEZPIECZE\u0143STWO","potentialAction":[{"@type":"SearchAction","target":{"@type":"EntryPoint","urlTemplate":"https:\/\/antymobber.pl\/?s={search_term_string}"},"query-input":"required name=search_term_string"}],"inLanguage":"en-US"}]}},"_links":{"self":[{"href":"https:\/\/antymobber.pl\/index.php?rest_route=\/wp\/v2\/pages\/86","targetHints":{"allow":["GET"]}}],"collection":[{"href":"https:\/\/antymobber.pl\/index.php?rest_route=\/wp\/v2\/pages"}],"about":[{"href":"https:\/\/antymobber.pl\/index.php?rest_route=\/wp\/v2\/types\/page"}],"author":[{"embeddable":true,"href":"https:\/\/antymobber.pl\/index.php?rest_route=\/wp\/v2\/users\/1"}],"replies":[{"embeddable":true,"href":"https:\/\/antymobber.pl\/index.php?rest_route=%2Fwp%2Fv2%2Fcomments&post=86"}],"version-history":[{"count":25,"href":"https:\/\/antymobber.pl\/index.php?rest_route=\/wp\/v2\/pages\/86\/revisions"}],"predecessor-version":[{"id":302,"href":"https:\/\/antymobber.pl\/index.php?rest_route=\/wp\/v2\/pages\/86\/revisions\/302"}],"wp:attachment":[{"href":"https:\/\/antymobber.pl\/index.php?rest_route=%2Fwp%2Fv2%2Fmedia&parent=86"}],"curies":[{"name":"wp","href":"https:\/\/api.w.org\/{rel}","templated":true}]}}