{"id":81,"date":"2022-09-19T21:04:20","date_gmt":"2022-09-19T19:04:20","guid":{"rendered":"http:\/\/antymobber.pl\/?page_id=81"},"modified":"2023-02-24T12:57:42","modified_gmt":"2023-02-24T11:57:42","slug":"kurs-antymobber","status":"publish","type":"page","link":"https:\/\/antymobber.pl\/?page_id=81","title":{"rendered":"KURS ANTYMOBBER"},"content":{"rendered":"\t\t<div data-elementor-type=\"wp-page\" data-elementor-id=\"81\" class=\"elementor elementor-81\">\n\t\t\t\t\t\t\t\t\t<section class=\"elementor-section elementor-top-section elementor-element elementor-element-25ce7c9 elementor-section-boxed elementor-section-height-default elementor-section-height-default\" data-id=\"25ce7c9\" data-element_type=\"section\">\n\t\t\t\t\t\t<div class=\"elementor-container elementor-column-gap-default\">\n\t\t\t\t\t<div class=\"elementor-column elementor-col-100 elementor-top-column elementor-element elementor-element-030ea48\" data-id=\"030ea48\" data-element_type=\"column\">\n\t\t\t<div class=\"elementor-widget-wrap elementor-element-populated\">\n\t\t\t\t\t\t\t\t<div class=\"elementor-element elementor-element-838f63f elementor-position-top elementor-vertical-align-top elementor-invisible elementor-widget elementor-widget-image-box\" data-id=\"838f63f\" data-element_type=\"widget\" data-settings=\"{&quot;_animation&quot;:&quot;fadeInUp&quot;}\" data-widget_type=\"image-box.default\">\n\t\t\t\t<div class=\"elementor-widget-container\">\n\t\t\t<style>\/*! elementor - v3.7.6 - 15-09-2022 *\/\n.elementor-widget-image-box .elementor-image-box-content{width:100%}@media (min-width:768px){.elementor-widget-image-box.elementor-position-left .elementor-image-box-wrapper,.elementor-widget-image-box.elementor-position-right .elementor-image-box-wrapper{display:-webkit-box;display:-ms-flexbox;display:flex}.elementor-widget-image-box.elementor-position-right .elementor-image-box-wrapper{text-align:right;-webkit-box-orient:horizontal;-webkit-box-direction:reverse;-ms-flex-direction:row-reverse;flex-direction:row-reverse}.elementor-widget-image-box.elementor-position-left .elementor-image-box-wrapper{text-align:left;-webkit-box-orient:horizontal;-webkit-box-direction:normal;-ms-flex-direction:row;flex-direction:row}.elementor-widget-image-box.elementor-position-top .elementor-image-box-img{margin:auto}.elementor-widget-image-box.elementor-vertical-align-top .elementor-image-box-wrapper{-webkit-box-align:start;-ms-flex-align:start;align-items:flex-start}.elementor-widget-image-box.elementor-vertical-align-middle .elementor-image-box-wrapper{-webkit-box-align:center;-ms-flex-align:center;align-items:center}.elementor-widget-image-box.elementor-vertical-align-bottom .elementor-image-box-wrapper{-webkit-box-align:end;-ms-flex-align:end;align-items:flex-end}}@media (max-width:767px){.elementor-widget-image-box .elementor-image-box-img{margin-left:auto!important;margin-right:auto!important;margin-bottom:15px}}.elementor-widget-image-box .elementor-image-box-img{display:inline-block}.elementor-widget-image-box .elementor-image-box-title a{color:inherit}.elementor-widget-image-box .elementor-image-box-wrapper{text-align:center}.elementor-widget-image-box .elementor-image-box-description{margin:0}<\/style><div class=\"elementor-image-box-wrapper\"><figure class=\"elementor-image-box-img\"><img loading=\"lazy\" decoding=\"async\" width=\"150\" height=\"150\" src=\"https:\/\/antymobber.pl\/wp-content\/uploads\/2023\/02\/Pixmac000090043004-150x150.jpg\" class=\"attachment-thumbnail size-thumbnail\" alt=\"\" \/><\/figure><div class=\"elementor-image-box-content\"><h3 class=\"elementor-image-box-title\">Prowadzenie dzia\u0142a\u0144 maj\u0105cych na celu ograniczenie patologii relacji interpersonalnych<br> w miejscu pracy<\/h3><p class=\"elementor-image-box-description\">Osoba posiadaj\u0105ca kwalifikacj\u0119 pracuje z osob\u0105 do\u015bwiadczaj\u0105c\u0105 mobbingu lub dyskryminacji lub nier\u00f3wnego traktowania lub molestowania psychicznego lub molestowania seksualnego lub przemocy oraz z pracodawc\u0105 w obszarze przeciwdzia\u0142ania zagro\u017ceniom psychospo\u0142ecznym w miejscu pracy. Przeprowadza rozmow\u0119 z osob\u0105 informuj\u0105c\u0105 o nieprawid\u0142owo\u015bciach i proponuje jej \u015bcie\u017cki post\u0119powania. Wspiera organizacj\u0119  monitoruj\u0105c przestrzeganie zasad wsp\u00f3\u0142\u017cycia spo\u0142ecznego oraz higienicznych i bezpiecznych warunk\u00f3w pracy w kontek\u015bcie zagro\u017ce\u0144 psychospo\u0142ecznych.   Przygotowuje  dokumenty dotycz\u0105ce polityk antymobbingowej, dyskryminacyjnej, r\u00f3wno\u015bciowej oraz kodeksy etyczne. \nW swoich dzia\u0142aniach wykorzystuje wiedz\u0119 dotycz\u0105c\u0105 zagro\u017ce\u0144 psychospo\u0142ecznych w miejscu pracy, prewencji w miejscu pracy, regulacji prawnych, porozumie\u0144 ramowych, wybranych zagadnie\u0144 psychologii spo\u0142ecznej. Przestrzega zasad etyki zawodowej w miejscu pracy. \nOsoba posiadaj\u0105ca kwalifikacj\u0119 mo\u017ce znale\u017a\u0107 zatrudnienie we wszystkich instytucjach prywatnych i publicznych. Mo\u017ce r\u00f3wnie\u017c za\u0142o\u017cy\u0107 w\u0142asn\u0105 dzia\u0142alno\u015b\u0107 gospodarcz\u0105 w celu \u015bwiadczenia dedykowanych us\u0142ug dla firm i instytucji. \n<\/p><\/div><\/div>\t\t<\/div>\n\t\t\t\t<\/div>\n\t\t\t\t\t<\/div>\n\t\t<\/div>\n\t\t\t\t\t\t\t<\/div>\n\t\t<\/section>\n\t\t\t\t<section class=\"elementor-section elementor-top-section elementor-element elementor-element-e581047 elementor-section-boxed elementor-section-height-default elementor-section-height-default\" data-id=\"e581047\" data-element_type=\"section\">\n\t\t\t\t\t\t<div class=\"elementor-container elementor-column-gap-default\">\n\t\t\t\t\t<div class=\"elementor-column elementor-col-100 elementor-top-column elementor-element elementor-element-d1698be\" data-id=\"d1698be\" data-element_type=\"column\">\n\t\t\t<div class=\"elementor-widget-wrap elementor-element-populated\">\n\t\t\t\t\t\t\t\t<div class=\"elementor-element elementor-element-dfc09f4 elementor-widget elementor-widget-image\" data-id=\"dfc09f4\" data-element_type=\"widget\" data-widget_type=\"image.default\">\n\t\t\t\t<div class=\"elementor-widget-container\">\n\t\t\t<style>\/*! elementor - v3.7.6 - 15-09-2022 *\/\n.elementor-widget-image{text-align:center}.elementor-widget-image a{display:inline-block}.elementor-widget-image a img[src$=\".svg\"]{width:48px}.elementor-widget-image img{vertical-align:middle;display:inline-block}<\/style>\t\t\t\t\t\t\t\t\t\t\t\t<img loading=\"lazy\" decoding=\"async\" width=\"245\" height=\"222\" src=\"https:\/\/antymobber.pl\/wp-content\/uploads\/2022\/09\/cropped-cropped-cropped-logo-GTC-e1664106824573.jpg\" class=\"attachment-large size-large\" alt=\"\" \/>\t\t\t\t\t\t\t\t\t\t\t\t\t\t\t<\/div>\n\t\t\t\t<\/div>\n\t\t\t\t\t<\/div>\n\t\t<\/div>\n\t\t\t\t\t\t\t<\/div>\n\t\t<\/section>\n\t\t\t\t<section class=\"elementor-section elementor-top-section elementor-element elementor-element-20dd6ba elementor-section-boxed elementor-section-height-default elementor-section-height-default\" data-id=\"20dd6ba\" data-element_type=\"section\">\n\t\t\t\t\t\t<div class=\"elementor-container elementor-column-gap-default\">\n\t\t\t\t\t<div class=\"elementor-column elementor-col-100 elementor-top-column elementor-element elementor-element-0f5bbc1\" data-id=\"0f5bbc1\" data-element_type=\"column\">\n\t\t\t<div class=\"elementor-widget-wrap elementor-element-populated\">\n\t\t\t\t\t\t\t\t<div class=\"elementor-element elementor-element-754e71e elementor-invisible elementor-widget elementor-widget-text-editor\" data-id=\"754e71e\" data-element_type=\"widget\" data-settings=\"{&quot;_animation&quot;:&quot;fadeInRight&quot;}\" data-widget_type=\"text-editor.default\">\n\t\t\t\t<div class=\"elementor-widget-container\">\n\t\t\t<style>\/*! elementor - v3.7.6 - 15-09-2022 *\/\n.elementor-widget-text-editor.elementor-drop-cap-view-stacked .elementor-drop-cap{background-color:#818a91;color:#fff}.elementor-widget-text-editor.elementor-drop-cap-view-framed .elementor-drop-cap{color:#818a91;border:3px solid;background-color:transparent}.elementor-widget-text-editor:not(.elementor-drop-cap-view-default) .elementor-drop-cap{margin-top:8px}.elementor-widget-text-editor:not(.elementor-drop-cap-view-default) .elementor-drop-cap-letter{width:1em;height:1em}.elementor-widget-text-editor .elementor-drop-cap{float:left;text-align:center;line-height:1;font-size:50px}.elementor-widget-text-editor .elementor-drop-cap-letter{display:inline-block}<\/style>\t\t\t\t<p><strong>Grupy os\u00f3b, kt\u00f3re mog\u0105 by\u0107 zainteresowane uzyskaniem kwali\ufb01kacji:<\/strong><\/p>\n<ul>\n<li>pracownicy administracji;<\/li>\n<li>pracownicy s\u0142u\u017cby BHP;<\/li>\n<li>pracownicy dzia\u0142\u00f3w kadr;<\/li>\n<li>cz\u0142onkowie zwi\u0105zk\u00f3w zawodowych;<\/li>\n<li>pracownicy HR;<\/li>\n<li>osoby zaufania wybierane demokratycznie przez pracownik\u00f3w;<\/li>\n<li>spo\u0142eczni inspektorzy pracy.<\/li>\n<\/ul>\t\t\t\t\t\t<\/div>\n\t\t\t\t<\/div>\n\t\t\t\t\t<\/div>\n\t\t<\/div>\n\t\t\t\t\t\t\t<\/div>\n\t\t<\/section>\n\t\t\t\t\t\t\t<\/div>\n\t\t","protected":false},"excerpt":{"rendered":"<p>Prowadzenie dzia\u0142a\u0144 maj\u0105cych na celu ograniczenie patologii relacji interpersonalnych w miejscu pracy Osoba posiadaj\u0105ca kwalifikacj\u0119 pracuje z osob\u0105 do\u015bwiadczaj\u0105c\u0105 mobbingu lub dyskryminacji lub nier\u00f3wnego traktowania lub molestowania psychicznego lub molestowania seksualnego lub przemocy oraz z pracodawc\u0105 w obszarze przeciwdzia\u0142ania zagro\u017ceniom psychospo\u0142ecznym w miejscu pracy. Przeprowadza rozmow\u0119 z osob\u0105 informuj\u0105c\u0105 o nieprawid\u0142owo\u015bciach i proponuje jej \u015bcie\u017cki [&hellip;]<\/p>\n","protected":false},"author":1,"featured_media":0,"parent":0,"menu_order":0,"comment_status":"closed","ping_status":"closed","template":"","meta":{"footnotes":""},"class_list":["post-81","page","type-page","status-publish","hentry"],"yoast_head":"<!-- This site is optimized with the Yoast SEO plugin v19.6.1 - https:\/\/yoast.com\/wordpress\/plugins\/seo\/ -->\n<title>KURS ANTYMOBBER -<\/title>\n<meta name=\"robots\" content=\"index, follow, max-snippet:-1, max-image-preview:large, max-video-preview:-1\" \/>\n<link rel=\"canonical\" href=\"https:\/\/antymobber.pl\/?page_id=81\" \/>\n<meta property=\"og:locale\" content=\"en_US\" \/>\n<meta property=\"og:type\" content=\"article\" \/>\n<meta property=\"og:title\" content=\"KURS ANTYMOBBER -\" \/>\n<meta property=\"og:description\" content=\"Prowadzenie dzia\u0142a\u0144 maj\u0105cych na celu ograniczenie patologii relacji interpersonalnych w miejscu pracy Osoba posiadaj\u0105ca kwalifikacj\u0119 pracuje z osob\u0105 do\u015bwiadczaj\u0105c\u0105 mobbingu lub dyskryminacji lub nier\u00f3wnego traktowania lub molestowania psychicznego lub molestowania seksualnego lub przemocy oraz z pracodawc\u0105 w obszarze przeciwdzia\u0142ania zagro\u017ceniom psychospo\u0142ecznym w miejscu pracy. Przeprowadza rozmow\u0119 z osob\u0105 informuj\u0105c\u0105 o nieprawid\u0142owo\u015bciach i proponuje jej \u015bcie\u017cki [&hellip;]\" \/>\n<meta property=\"og:url\" content=\"https:\/\/antymobber.pl\/?page_id=81\" \/>\n<meta property=\"article:modified_time\" content=\"2023-02-24T11:57:42+00:00\" \/>\n<meta property=\"og:image\" content=\"http:\/\/antymobber.pl\/wp-content\/uploads\/2023\/02\/Pixmac000090043004-150x150.jpg\" \/>\n<meta name=\"twitter:card\" content=\"summary_large_image\" \/>\n<meta name=\"twitter:label1\" content=\"Est. reading time\" \/>\n\t<meta name=\"twitter:data1\" content=\"2 minutes\" \/>\n<script type=\"application\/ld+json\" class=\"yoast-schema-graph\">{\"@context\":\"https:\/\/schema.org\",\"@graph\":[{\"@type\":\"WebPage\",\"@id\":\"https:\/\/antymobber.pl\/?page_id=81\",\"url\":\"https:\/\/antymobber.pl\/?page_id=81\",\"name\":\"KURS ANTYMOBBER -\",\"isPartOf\":{\"@id\":\"https:\/\/antymobber.pl\/#website\"},\"datePublished\":\"2022-09-19T19:04:20+00:00\",\"dateModified\":\"2023-02-24T11:57:42+00:00\",\"breadcrumb\":{\"@id\":\"https:\/\/antymobber.pl\/?page_id=81#breadcrumb\"},\"inLanguage\":\"en-US\",\"potentialAction\":[{\"@type\":\"ReadAction\",\"target\":[\"https:\/\/antymobber.pl\/?page_id=81\"]}]},{\"@type\":\"BreadcrumbList\",\"@id\":\"https:\/\/antymobber.pl\/?page_id=81#breadcrumb\",\"itemListElement\":[{\"@type\":\"ListItem\",\"position\":1,\"name\":\"Home\",\"item\":\"https:\/\/antymobber.pl\/\"},{\"@type\":\"ListItem\",\"position\":2,\"name\":\"KURS ANTYMOBBER\"}]},{\"@type\":\"WebSite\",\"@id\":\"https:\/\/antymobber.pl\/#website\",\"url\":\"https:\/\/antymobber.pl\/\",\"name\":\"\",\"description\":\"DYSKRECJA  PROFESJONALIZM BEZPIECZE\u0143STWO\",\"potentialAction\":[{\"@type\":\"SearchAction\",\"target\":{\"@type\":\"EntryPoint\",\"urlTemplate\":\"https:\/\/antymobber.pl\/?s={search_term_string}\"},\"query-input\":\"required name=search_term_string\"}],\"inLanguage\":\"en-US\"}]}<\/script>\n<!-- \/ Yoast SEO plugin. -->","yoast_head_json":{"title":"KURS ANTYMOBBER -","robots":{"index":"index","follow":"follow","max-snippet":"max-snippet:-1","max-image-preview":"max-image-preview:large","max-video-preview":"max-video-preview:-1"},"canonical":"https:\/\/antymobber.pl\/?page_id=81","og_locale":"en_US","og_type":"article","og_title":"KURS ANTYMOBBER -","og_description":"Prowadzenie dzia\u0142a\u0144 maj\u0105cych na celu ograniczenie patologii relacji interpersonalnych w miejscu pracy Osoba posiadaj\u0105ca kwalifikacj\u0119 pracuje z osob\u0105 do\u015bwiadczaj\u0105c\u0105 mobbingu lub dyskryminacji lub nier\u00f3wnego traktowania lub molestowania psychicznego lub molestowania seksualnego lub przemocy oraz z pracodawc\u0105 w obszarze przeciwdzia\u0142ania zagro\u017ceniom psychospo\u0142ecznym w miejscu pracy. Przeprowadza rozmow\u0119 z osob\u0105 informuj\u0105c\u0105 o nieprawid\u0142owo\u015bciach i proponuje jej \u015bcie\u017cki [&hellip;]","og_url":"https:\/\/antymobber.pl\/?page_id=81","article_modified_time":"2023-02-24T11:57:42+00:00","og_image":[{"url":"http:\/\/antymobber.pl\/wp-content\/uploads\/2023\/02\/Pixmac000090043004-150x150.jpg"}],"twitter_card":"summary_large_image","twitter_misc":{"Est. reading time":"2 minutes"},"schema":{"@context":"https:\/\/schema.org","@graph":[{"@type":"WebPage","@id":"https:\/\/antymobber.pl\/?page_id=81","url":"https:\/\/antymobber.pl\/?page_id=81","name":"KURS ANTYMOBBER -","isPartOf":{"@id":"https:\/\/antymobber.pl\/#website"},"datePublished":"2022-09-19T19:04:20+00:00","dateModified":"2023-02-24T11:57:42+00:00","breadcrumb":{"@id":"https:\/\/antymobber.pl\/?page_id=81#breadcrumb"},"inLanguage":"en-US","potentialAction":[{"@type":"ReadAction","target":["https:\/\/antymobber.pl\/?page_id=81"]}]},{"@type":"BreadcrumbList","@id":"https:\/\/antymobber.pl\/?page_id=81#breadcrumb","itemListElement":[{"@type":"ListItem","position":1,"name":"Home","item":"https:\/\/antymobber.pl\/"},{"@type":"ListItem","position":2,"name":"KURS ANTYMOBBER"}]},{"@type":"WebSite","@id":"https:\/\/antymobber.pl\/#website","url":"https:\/\/antymobber.pl\/","name":"","description":"DYSKRECJA  PROFESJONALIZM BEZPIECZE\u0143STWO","potentialAction":[{"@type":"SearchAction","target":{"@type":"EntryPoint","urlTemplate":"https:\/\/antymobber.pl\/?s={search_term_string}"},"query-input":"required name=search_term_string"}],"inLanguage":"en-US"}]}},"_links":{"self":[{"href":"https:\/\/antymobber.pl\/index.php?rest_route=\/wp\/v2\/pages\/81","targetHints":{"allow":["GET"]}}],"collection":[{"href":"https:\/\/antymobber.pl\/index.php?rest_route=\/wp\/v2\/pages"}],"about":[{"href":"https:\/\/antymobber.pl\/index.php?rest_route=\/wp\/v2\/types\/page"}],"author":[{"embeddable":true,"href":"https:\/\/antymobber.pl\/index.php?rest_route=\/wp\/v2\/users\/1"}],"replies":[{"embeddable":true,"href":"https:\/\/antymobber.pl\/index.php?rest_route=%2Fwp%2Fv2%2Fcomments&post=81"}],"version-history":[{"count":21,"href":"https:\/\/antymobber.pl\/index.php?rest_route=\/wp\/v2\/pages\/81\/revisions"}],"predecessor-version":[{"id":282,"href":"https:\/\/antymobber.pl\/index.php?rest_route=\/wp\/v2\/pages\/81\/revisions\/282"}],"wp:attachment":[{"href":"https:\/\/antymobber.pl\/index.php?rest_route=%2Fwp%2Fv2%2Fmedia&parent=81"}],"curies":[{"name":"wp","href":"https:\/\/api.w.org\/{rel}","templated":true}]}}